{"id":10959,"date":"2021-04-19T18:29:04","date_gmt":"2021-04-19T18:29:04","guid":{"rendered":"http:\/\/cogitoworldeducation.org\/contact-us\/"},"modified":"2021-06-11T21:32:09","modified_gmt":"2021-06-11T21:32:09","slug":"contacta-con-nosotros","status":"publish","type":"page","link":"http:\/\/cogitoworldeducation.org\/es\/contacta-con-nosotros\/","title":{"rendered":"Contacta con nosotros"},"content":{"rendered":"","protected":false},"excerpt":{"rendered":"","protected":false},"author":1,"featured_media":0,"parent":0,"menu_order":54,"comment_status":"closed","ping_status":"closed","template":"templates\/page-general.php","meta":{"_acf_changed":false,"content-type":"","inline_featured_image":false,"footnotes":""},"class_list":["post-10959","page","type-page","status-publish","hentry"],"acf":[],"yoast_head":"<!-- This site is optimized with the Yoast SEO plugin v25.0 - https:\/\/yoast.com\/wordpress\/plugins\/seo\/ -->\n<title>Servicios de consultor\u00eda educativa Contacto | Educaci\u00f3n Mundial Cogito<\/title>\n<meta name=\"description\" content=\"Cogito ofrece servicios de consultor\u00eda educativa para estudiantes internacionales que van a los EE. UU. O Canad\u00e1. \u00a1Cont\u00e1ctenos ahora y deje que nuestros expertos lo gu\u00eden!\" \/>\n<meta name=\"robots\" content=\"index, follow, max-snippet:-1, max-image-preview:large, max-video-preview:-1\" \/>\n<link rel=\"canonical\" href=\"http:\/\/cogitoworldeducation.org\/es\/contacta-con-nosotros\/\" \/>\n<meta property=\"og:locale\" content=\"es_ES\" \/>\n<meta property=\"og:type\" content=\"article\" \/>\n<meta property=\"og:title\" content=\"Servicios de consultor\u00eda educativa Contacto | Educaci\u00f3n Mundial Cogito\" \/>\n<meta property=\"og:description\" content=\"Cogito ofrece servicios de consultor\u00eda educativa para estudiantes internacionales que van a los EE. UU. O Canad\u00e1. \u00a1Cont\u00e1ctenos ahora y deje que nuestros expertos lo gu\u00eden!\" \/>\n<meta property=\"og:url\" content=\"http:\/\/cogitoworldeducation.org\/es\/contacta-con-nosotros\/\" \/>\n<meta property=\"og:site_name\" content=\"Cogito\" \/>\n<meta property=\"article:modified_time\" content=\"2021-06-11T21:32:09+00:00\" \/>\n<meta name=\"twitter:card\" content=\"summary_large_image\" \/>\n<script type=\"application\/ld+json\" class=\"yoast-schema-graph\">{\"@context\":\"https:\/\/schema.org\",\"@graph\":[{\"@type\":\"WebPage\",\"@id\":\"http:\/\/cogitoworldeducation.org\/es\/contacta-con-nosotros\/\",\"url\":\"http:\/\/cogitoworldeducation.org\/es\/contacta-con-nosotros\/\",\"name\":\"Servicios de consultor\u00eda educativa Contacto | Educaci\u00f3n Mundial Cogito\",\"isPartOf\":{\"@id\":\"https:\/\/cogitoworldeducation.org\/es\/#website\"},\"datePublished\":\"2021-04-19T18:29:04+00:00\",\"dateModified\":\"2021-06-11T21:32:09+00:00\",\"description\":\"Cogito ofrece servicios de consultor\u00eda educativa para estudiantes internacionales que van a los EE. UU. O Canad\u00e1. \u00a1Cont\u00e1ctenos ahora y deje que nuestros expertos lo gu\u00eden!\",\"breadcrumb\":{\"@id\":\"http:\/\/cogitoworldeducation.org\/es\/contacta-con-nosotros\/#breadcrumb\"},\"inLanguage\":\"es-ES\",\"potentialAction\":[{\"@type\":\"ReadAction\",\"target\":[\"http:\/\/cogitoworldeducation.org\/es\/contacta-con-nosotros\/\"]}]},{\"@type\":\"BreadcrumbList\",\"@id\":\"http:\/\/cogitoworldeducation.org\/es\/contacta-con-nosotros\/#breadcrumb\",\"itemListElement\":[{\"@type\":\"ListItem\",\"position\":1,\"name\":\"Home\",\"item\":\"https:\/\/cogitoworldeducation.org\/es\/\"},{\"@type\":\"ListItem\",\"position\":2,\"name\":\"Contacta con nosotros\"}]},{\"@type\":\"WebSite\",\"@id\":\"https:\/\/cogitoworldeducation.org\/es\/#website\",\"url\":\"https:\/\/cogitoworldeducation.org\/es\/\",\"name\":\"Cogito\",\"description\":\"Just another WordPress site\",\"publisher\":{\"@id\":\"https:\/\/cogitoworldeducation.org\/es\/#organization\"},\"potentialAction\":[{\"@type\":\"SearchAction\",\"target\":{\"@type\":\"EntryPoint\",\"urlTemplate\":\"https:\/\/cogitoworldeducation.org\/es\/?s={search_term_string}\"},\"query-input\":{\"@type\":\"PropertyValueSpecification\",\"valueRequired\":true,\"valueName\":\"search_term_string\"}}],\"inLanguage\":\"es-ES\"},{\"@type\":\"Organization\",\"@id\":\"https:\/\/cogitoworldeducation.org\/es\/#organization\",\"name\":\"Cogito\",\"url\":\"https:\/\/cogitoworldeducation.org\/es\/\",\"logo\":{\"@type\":\"ImageObject\",\"inLanguage\":\"es-ES\",\"@id\":\"https:\/\/cogitoworldeducation.org\/es\/#\/schema\/logo\/image\/\",\"url\":\"http:\/\/cogitoworldeducation.org\/wp-content\/uploads\/2021\/04\/Favicon-Cogito.png\",\"contentUrl\":\"http:\/\/cogitoworldeducation.org\/wp-content\/uploads\/2021\/04\/Favicon-Cogito.png\",\"width\":16,\"height\":16,\"caption\":\"Cogito\"},\"image\":{\"@id\":\"https:\/\/cogitoworldeducation.org\/es\/#\/schema\/logo\/image\/\"}}]}<\/script>\n<!-- \/ Yoast SEO plugin. -->","yoast_head_json":{"title":"Servicios de consultor\u00eda educativa Contacto | Educaci\u00f3n Mundial Cogito","description":"Cogito ofrece servicios de consultor\u00eda educativa para estudiantes internacionales que van a los EE. UU. O Canad\u00e1. \u00a1Cont\u00e1ctenos ahora y deje que nuestros expertos lo gu\u00eden!","robots":{"index":"index","follow":"follow","max-snippet":"max-snippet:-1","max-image-preview":"max-image-preview:large","max-video-preview":"max-video-preview:-1"},"canonical":"http:\/\/cogitoworldeducation.org\/es\/contacta-con-nosotros\/","og_locale":"es_ES","og_type":"article","og_title":"Servicios de consultor\u00eda educativa Contacto | Educaci\u00f3n Mundial Cogito","og_description":"Cogito ofrece servicios de consultor\u00eda educativa para estudiantes internacionales que van a los EE. UU. O Canad\u00e1. \u00a1Cont\u00e1ctenos ahora y deje que nuestros expertos lo gu\u00eden!","og_url":"http:\/\/cogitoworldeducation.org\/es\/contacta-con-nosotros\/","og_site_name":"Cogito","article_modified_time":"2021-06-11T21:32:09+00:00","twitter_card":"summary_large_image","schema":{"@context":"https:\/\/schema.org","@graph":[{"@type":"WebPage","@id":"http:\/\/cogitoworldeducation.org\/es\/contacta-con-nosotros\/","url":"http:\/\/cogitoworldeducation.org\/es\/contacta-con-nosotros\/","name":"Servicios de consultor\u00eda educativa Contacto | Educaci\u00f3n Mundial Cogito","isPartOf":{"@id":"https:\/\/cogitoworldeducation.org\/es\/#website"},"datePublished":"2021-04-19T18:29:04+00:00","dateModified":"2021-06-11T21:32:09+00:00","description":"Cogito ofrece servicios de consultor\u00eda educativa para estudiantes internacionales que van a los EE. UU. O Canad\u00e1. \u00a1Cont\u00e1ctenos ahora y deje que nuestros expertos lo gu\u00eden!","breadcrumb":{"@id":"http:\/\/cogitoworldeducation.org\/es\/contacta-con-nosotros\/#breadcrumb"},"inLanguage":"es-ES","potentialAction":[{"@type":"ReadAction","target":["http:\/\/cogitoworldeducation.org\/es\/contacta-con-nosotros\/"]}]},{"@type":"BreadcrumbList","@id":"http:\/\/cogitoworldeducation.org\/es\/contacta-con-nosotros\/#breadcrumb","itemListElement":[{"@type":"ListItem","position":1,"name":"Home","item":"https:\/\/cogitoworldeducation.org\/es\/"},{"@type":"ListItem","position":2,"name":"Contacta con nosotros"}]},{"@type":"WebSite","@id":"https:\/\/cogitoworldeducation.org\/es\/#website","url":"https:\/\/cogitoworldeducation.org\/es\/","name":"Cogito","description":"Just another WordPress site","publisher":{"@id":"https:\/\/cogitoworldeducation.org\/es\/#organization"},"potentialAction":[{"@type":"SearchAction","target":{"@type":"EntryPoint","urlTemplate":"https:\/\/cogitoworldeducation.org\/es\/?s={search_term_string}"},"query-input":{"@type":"PropertyValueSpecification","valueRequired":true,"valueName":"search_term_string"}}],"inLanguage":"es-ES"},{"@type":"Organization","@id":"https:\/\/cogitoworldeducation.org\/es\/#organization","name":"Cogito","url":"https:\/\/cogitoworldeducation.org\/es\/","logo":{"@type":"ImageObject","inLanguage":"es-ES","@id":"https:\/\/cogitoworldeducation.org\/es\/#\/schema\/logo\/image\/","url":"http:\/\/cogitoworldeducation.org\/wp-content\/uploads\/2021\/04\/Favicon-Cogito.png","contentUrl":"http:\/\/cogitoworldeducation.org\/wp-content\/uploads\/2021\/04\/Favicon-Cogito.png","width":16,"height":16,"caption":"Cogito"},"image":{"@id":"https:\/\/cogitoworldeducation.org\/es\/#\/schema\/logo\/image\/"}}]}},"_links":{"self":[{"href":"http:\/\/cogitoworldeducation.org\/es\/wp-json\/wp\/v2\/pages\/10959","targetHints":{"allow":["GET"]}}],"collection":[{"href":"http:\/\/cogitoworldeducation.org\/es\/wp-json\/wp\/v2\/pages"}],"about":[{"href":"http:\/\/cogitoworldeducation.org\/es\/wp-json\/wp\/v2\/types\/page"}],"author":[{"embeddable":true,"href":"http:\/\/cogitoworldeducation.org\/es\/wp-json\/wp\/v2\/users\/1"}],"replies":[{"embeddable":true,"href":"http:\/\/cogitoworldeducation.org\/es\/wp-json\/wp\/v2\/comments?post=10959"}],"version-history":[{"count":2,"href":"http:\/\/cogitoworldeducation.org\/es\/wp-json\/wp\/v2\/pages\/10959\/revisions"}],"predecessor-version":[{"id":10961,"href":"http:\/\/cogitoworldeducation.org\/es\/wp-json\/wp\/v2\/pages\/10959\/revisions\/10961"}],"wp:attachment":[{"href":"http:\/\/cogitoworldeducation.org\/es\/wp-json\/wp\/v2\/media?parent=10959"}],"curies":[{"name":"wp","href":"https:\/\/api.w.org\/{rel}","templated":true}]}}