{"id":10470,"date":"2021-04-09T18:07:25","date_gmt":"2021-04-09T18:07:25","guid":{"rendered":"http:\/\/cogitoworldeducation.org\/university-list-canada\/"},"modified":"2021-06-10T17:28:17","modified_gmt":"2021-06-10T17:28:17","slug":"meilleures-universites-au-canada","status":"publish","type":"page","link":"http:\/\/cogitoworldeducation.org\/fr\/meilleures-universites-au-canada\/","title":{"rendered":"University List Canada"},"content":{"rendered":"","protected":false},"excerpt":{"rendered":"","protected":false},"author":1,"featured_media":0,"parent":0,"menu_order":60,"comment_status":"closed","ping_status":"closed","template":"templates\/page-university-list.php","meta":{"_acf_changed":false,"content-type":"","inline_featured_image":false,"footnotes":""},"class_list":["post-10470","page","type-page","status-publish","hentry"],"acf":[],"yoast_head":"<!-- This site is optimized with the Yoast SEO plugin v25.0 - https:\/\/yoast.com\/wordpress\/plugins\/seo\/ -->\n<title>Liste des Meilleures Universit\u00e9s au Canada | Cogito World Education<\/title>\n<meta name=\"description\" content=\"D\u00e9couvrez les meilleures universit\u00e9s au Canada. Commencez votre recherche d\u00e8s aujourd&#039;hui et obtenez des conseils professionnels de nos consultants exp\u00e9riment\u00e9s.\" \/>\n<meta name=\"robots\" content=\"index, follow, max-snippet:-1, max-image-preview:large, max-video-preview:-1\" \/>\n<link rel=\"canonical\" href=\"http:\/\/cogitoworldeducation.org\/fr\/meilleures-universites-au-canada\/\" \/>\n<meta property=\"og:locale\" content=\"fr_FR\" \/>\n<meta property=\"og:type\" content=\"article\" \/>\n<meta property=\"og:title\" content=\"Liste des Meilleures Universit\u00e9s au Canada | Cogito World Education\" \/>\n<meta property=\"og:description\" content=\"D\u00e9couvrez les meilleures universit\u00e9s au Canada. Commencez votre recherche d\u00e8s aujourd&#039;hui et obtenez des conseils professionnels de nos consultants exp\u00e9riment\u00e9s.\" \/>\n<meta property=\"og:url\" content=\"http:\/\/cogitoworldeducation.org\/fr\/meilleures-universites-au-canada\/\" \/>\n<meta property=\"og:site_name\" content=\"Cogito\" \/>\n<meta property=\"article:modified_time\" content=\"2021-06-10T17:28:17+00:00\" \/>\n<meta name=\"twitter:card\" content=\"summary_large_image\" \/>\n<script type=\"application\/ld+json\" class=\"yoast-schema-graph\">{\"@context\":\"https:\/\/schema.org\",\"@graph\":[{\"@type\":\"WebPage\",\"@id\":\"http:\/\/cogitoworldeducation.org\/fr\/meilleures-universites-au-canada\/\",\"url\":\"http:\/\/cogitoworldeducation.org\/fr\/meilleures-universites-au-canada\/\",\"name\":\"Liste des Meilleures Universit\u00e9s au Canada | Cogito World Education\",\"isPartOf\":{\"@id\":\"https:\/\/cogitoworldeducation.org\/fr\/#website\"},\"datePublished\":\"2021-04-09T18:07:25+00:00\",\"dateModified\":\"2021-06-10T17:28:17+00:00\",\"description\":\"D\u00e9couvrez les meilleures universit\u00e9s au Canada. Commencez votre recherche d\u00e8s aujourd'hui et obtenez des conseils professionnels de nos consultants exp\u00e9riment\u00e9s.\",\"breadcrumb\":{\"@id\":\"http:\/\/cogitoworldeducation.org\/fr\/meilleures-universites-au-canada\/#breadcrumb\"},\"inLanguage\":\"fr-FR\",\"potentialAction\":[{\"@type\":\"ReadAction\",\"target\":[\"http:\/\/cogitoworldeducation.org\/fr\/meilleures-universites-au-canada\/\"]}]},{\"@type\":\"BreadcrumbList\",\"@id\":\"http:\/\/cogitoworldeducation.org\/fr\/meilleures-universites-au-canada\/#breadcrumb\",\"itemListElement\":[{\"@type\":\"ListItem\",\"position\":1,\"name\":\"Home\",\"item\":\"https:\/\/cogitoworldeducation.org\/fr\/\"},{\"@type\":\"ListItem\",\"position\":2,\"name\":\"University List Canada\"}]},{\"@type\":\"WebSite\",\"@id\":\"https:\/\/cogitoworldeducation.org\/fr\/#website\",\"url\":\"https:\/\/cogitoworldeducation.org\/fr\/\",\"name\":\"Cogito\",\"description\":\"Just another WordPress site\",\"publisher\":{\"@id\":\"https:\/\/cogitoworldeducation.org\/fr\/#organization\"},\"potentialAction\":[{\"@type\":\"SearchAction\",\"target\":{\"@type\":\"EntryPoint\",\"urlTemplate\":\"https:\/\/cogitoworldeducation.org\/fr\/?s={search_term_string}\"},\"query-input\":{\"@type\":\"PropertyValueSpecification\",\"valueRequired\":true,\"valueName\":\"search_term_string\"}}],\"inLanguage\":\"fr-FR\"},{\"@type\":\"Organization\",\"@id\":\"https:\/\/cogitoworldeducation.org\/fr\/#organization\",\"name\":\"Cogito\",\"url\":\"https:\/\/cogitoworldeducation.org\/fr\/\",\"logo\":{\"@type\":\"ImageObject\",\"inLanguage\":\"fr-FR\",\"@id\":\"https:\/\/cogitoworldeducation.org\/fr\/#\/schema\/logo\/image\/\",\"url\":\"http:\/\/cogitoworldeducation.org\/wp-content\/uploads\/2021\/04\/Favicon-Cogito.png\",\"contentUrl\":\"http:\/\/cogitoworldeducation.org\/wp-content\/uploads\/2021\/04\/Favicon-Cogito.png\",\"width\":16,\"height\":16,\"caption\":\"Cogito\"},\"image\":{\"@id\":\"https:\/\/cogitoworldeducation.org\/fr\/#\/schema\/logo\/image\/\"}}]}<\/script>\n<!-- \/ Yoast SEO plugin. -->","yoast_head_json":{"title":"Liste des Meilleures Universit\u00e9s au Canada | Cogito World Education","description":"D\u00e9couvrez les meilleures universit\u00e9s au Canada. Commencez votre recherche d\u00e8s aujourd'hui et obtenez des conseils professionnels de nos consultants exp\u00e9riment\u00e9s.","robots":{"index":"index","follow":"follow","max-snippet":"max-snippet:-1","max-image-preview":"max-image-preview:large","max-video-preview":"max-video-preview:-1"},"canonical":"http:\/\/cogitoworldeducation.org\/fr\/meilleures-universites-au-canada\/","og_locale":"fr_FR","og_type":"article","og_title":"Liste des Meilleures Universit\u00e9s au Canada | Cogito World Education","og_description":"D\u00e9couvrez les meilleures universit\u00e9s au Canada. Commencez votre recherche d\u00e8s aujourd'hui et obtenez des conseils professionnels de nos consultants exp\u00e9riment\u00e9s.","og_url":"http:\/\/cogitoworldeducation.org\/fr\/meilleures-universites-au-canada\/","og_site_name":"Cogito","article_modified_time":"2021-06-10T17:28:17+00:00","twitter_card":"summary_large_image","schema":{"@context":"https:\/\/schema.org","@graph":[{"@type":"WebPage","@id":"http:\/\/cogitoworldeducation.org\/fr\/meilleures-universites-au-canada\/","url":"http:\/\/cogitoworldeducation.org\/fr\/meilleures-universites-au-canada\/","name":"Liste des Meilleures Universit\u00e9s au Canada | Cogito World Education","isPartOf":{"@id":"https:\/\/cogitoworldeducation.org\/fr\/#website"},"datePublished":"2021-04-09T18:07:25+00:00","dateModified":"2021-06-10T17:28:17+00:00","description":"D\u00e9couvrez les meilleures universit\u00e9s au Canada. Commencez votre recherche d\u00e8s aujourd'hui et obtenez des conseils professionnels de nos consultants exp\u00e9riment\u00e9s.","breadcrumb":{"@id":"http:\/\/cogitoworldeducation.org\/fr\/meilleures-universites-au-canada\/#breadcrumb"},"inLanguage":"fr-FR","potentialAction":[{"@type":"ReadAction","target":["http:\/\/cogitoworldeducation.org\/fr\/meilleures-universites-au-canada\/"]}]},{"@type":"BreadcrumbList","@id":"http:\/\/cogitoworldeducation.org\/fr\/meilleures-universites-au-canada\/#breadcrumb","itemListElement":[{"@type":"ListItem","position":1,"name":"Home","item":"https:\/\/cogitoworldeducation.org\/fr\/"},{"@type":"ListItem","position":2,"name":"University List Canada"}]},{"@type":"WebSite","@id":"https:\/\/cogitoworldeducation.org\/fr\/#website","url":"https:\/\/cogitoworldeducation.org\/fr\/","name":"Cogito","description":"Just another WordPress site","publisher":{"@id":"https:\/\/cogitoworldeducation.org\/fr\/#organization"},"potentialAction":[{"@type":"SearchAction","target":{"@type":"EntryPoint","urlTemplate":"https:\/\/cogitoworldeducation.org\/fr\/?s={search_term_string}"},"query-input":{"@type":"PropertyValueSpecification","valueRequired":true,"valueName":"search_term_string"}}],"inLanguage":"fr-FR"},{"@type":"Organization","@id":"https:\/\/cogitoworldeducation.org\/fr\/#organization","name":"Cogito","url":"https:\/\/cogitoworldeducation.org\/fr\/","logo":{"@type":"ImageObject","inLanguage":"fr-FR","@id":"https:\/\/cogitoworldeducation.org\/fr\/#\/schema\/logo\/image\/","url":"http:\/\/cogitoworldeducation.org\/wp-content\/uploads\/2021\/04\/Favicon-Cogito.png","contentUrl":"http:\/\/cogitoworldeducation.org\/wp-content\/uploads\/2021\/04\/Favicon-Cogito.png","width":16,"height":16,"caption":"Cogito"},"image":{"@id":"https:\/\/cogitoworldeducation.org\/fr\/#\/schema\/logo\/image\/"}}]}},"_links":{"self":[{"href":"http:\/\/cogitoworldeducation.org\/fr\/wp-json\/wp\/v2\/pages\/10470","targetHints":{"allow":["GET"]}}],"collection":[{"href":"http:\/\/cogitoworldeducation.org\/fr\/wp-json\/wp\/v2\/pages"}],"about":[{"href":"http:\/\/cogitoworldeducation.org\/fr\/wp-json\/wp\/v2\/types\/page"}],"author":[{"embeddable":true,"href":"http:\/\/cogitoworldeducation.org\/fr\/wp-json\/wp\/v2\/users\/1"}],"replies":[{"embeddable":true,"href":"http:\/\/cogitoworldeducation.org\/fr\/wp-json\/wp\/v2\/comments?post=10470"}],"version-history":[{"count":4,"href":"http:\/\/cogitoworldeducation.org\/fr\/wp-json\/wp\/v2\/pages\/10470\/revisions"}],"predecessor-version":[{"id":10476,"href":"http:\/\/cogitoworldeducation.org\/fr\/wp-json\/wp\/v2\/pages\/10470\/revisions\/10476"}],"wp:attachment":[{"href":"http:\/\/cogitoworldeducation.org\/fr\/wp-json\/wp\/v2\/media?parent=10470"}],"curies":[{"name":"wp","href":"https:\/\/api.w.org\/{rel}","templated":true}]}}