{"id":3590,"date":"2021-04-27T14:26:13","date_gmt":"2021-04-27T14:26:13","guid":{"rendered":"http:\/\/cogitoworldeducation.org\/summer-programs-for-high-school-students-usa\/"},"modified":"2021-06-10T18:49:26","modified_gmt":"2021-06-10T18:49:26","slug":"les-meilleurs-camps-dete-aux-etats-unis","status":"publish","type":"page","link":"http:\/\/cogitoworldeducation.org\/fr\/les-meilleurs-camps-dete-aux-etats-unis\/","title":{"rendered":"Programme D&#8217;\u00e9t\u00e9"},"content":{"rendered":"","protected":false},"excerpt":{"rendered":"","protected":false},"author":1,"featured_media":0,"parent":0,"menu_order":31,"comment_status":"closed","ping_status":"closed","template":"templates\/page-summer-programs.php","meta":{"_acf_changed":false,"content-type":"","inline_featured_image":false,"footnotes":""},"class_list":["post-3590","page","type-page","status-publish","hentry"],"acf":[],"yoast_head":"<!-- This site is optimized with the Yoast SEO plugin v25.0 - https:\/\/yoast.com\/wordpress\/plugins\/seo\/ -->\n<title>Les meilleurs camps d&#039;\u00e9t\u00e9 aux \u00c9tats-Unis | Cogito World Education<\/title>\n<meta name=\"description\" content=\"Vous recherchez les meilleurs camps d&#039;\u00e9t\u00e9 aux \u00c9tats-Unis? Rejoignez-nous \u00e0 Boston et suivez des cours dans les meilleures universit\u00e9s.\" \/>\n<meta name=\"robots\" content=\"index, follow, max-snippet:-1, max-image-preview:large, max-video-preview:-1\" \/>\n<link rel=\"canonical\" href=\"http:\/\/cogitoworldeducation.org\/fr\/les-meilleurs-camps-dete-aux-etats-unis\/\" \/>\n<meta property=\"og:locale\" content=\"fr_FR\" \/>\n<meta property=\"og:type\" content=\"article\" \/>\n<meta property=\"og:title\" content=\"Les meilleurs camps d&#039;\u00e9t\u00e9 aux \u00c9tats-Unis | Cogito World Education\" \/>\n<meta property=\"og:description\" content=\"Vous recherchez les meilleurs camps d&#039;\u00e9t\u00e9 aux \u00c9tats-Unis? Rejoignez-nous \u00e0 Boston et suivez des cours dans les meilleures universit\u00e9s.\" \/>\n<meta property=\"og:url\" content=\"http:\/\/cogitoworldeducation.org\/fr\/les-meilleurs-camps-dete-aux-etats-unis\/\" \/>\n<meta property=\"og:site_name\" content=\"Cogito\" \/>\n<meta property=\"article:modified_time\" content=\"2021-06-10T18:49:26+00:00\" \/>\n<meta name=\"twitter:card\" content=\"summary_large_image\" \/>\n<script type=\"application\/ld+json\" class=\"yoast-schema-graph\">{\"@context\":\"https:\/\/schema.org\",\"@graph\":[{\"@type\":\"WebPage\",\"@id\":\"http:\/\/cogitoworldeducation.org\/fr\/les-meilleurs-camps-dete-aux-etats-unis\/\",\"url\":\"http:\/\/cogitoworldeducation.org\/fr\/les-meilleurs-camps-dete-aux-etats-unis\/\",\"name\":\"Les meilleurs camps d'\u00e9t\u00e9 aux \u00c9tats-Unis | Cogito World Education\",\"isPartOf\":{\"@id\":\"https:\/\/cogitoworldeducation.org\/fr\/#website\"},\"datePublished\":\"2021-04-27T14:26:13+00:00\",\"dateModified\":\"2021-06-10T18:49:26+00:00\",\"description\":\"Vous recherchez les meilleurs camps d'\u00e9t\u00e9 aux \u00c9tats-Unis? Rejoignez-nous \u00e0 Boston et suivez des cours dans les meilleures universit\u00e9s.\",\"breadcrumb\":{\"@id\":\"http:\/\/cogitoworldeducation.org\/fr\/les-meilleurs-camps-dete-aux-etats-unis\/#breadcrumb\"},\"inLanguage\":\"fr-FR\",\"potentialAction\":[{\"@type\":\"ReadAction\",\"target\":[\"http:\/\/cogitoworldeducation.org\/fr\/les-meilleurs-camps-dete-aux-etats-unis\/\"]}]},{\"@type\":\"BreadcrumbList\",\"@id\":\"http:\/\/cogitoworldeducation.org\/fr\/les-meilleurs-camps-dete-aux-etats-unis\/#breadcrumb\",\"itemListElement\":[{\"@type\":\"ListItem\",\"position\":1,\"name\":\"Home\",\"item\":\"https:\/\/cogitoworldeducation.org\/fr\/\"},{\"@type\":\"ListItem\",\"position\":2,\"name\":\"Programme D&#8217;\u00e9t\u00e9\"}]},{\"@type\":\"WebSite\",\"@id\":\"https:\/\/cogitoworldeducation.org\/fr\/#website\",\"url\":\"https:\/\/cogitoworldeducation.org\/fr\/\",\"name\":\"Cogito\",\"description\":\"Just another WordPress site\",\"publisher\":{\"@id\":\"https:\/\/cogitoworldeducation.org\/fr\/#organization\"},\"potentialAction\":[{\"@type\":\"SearchAction\",\"target\":{\"@type\":\"EntryPoint\",\"urlTemplate\":\"https:\/\/cogitoworldeducation.org\/fr\/?s={search_term_string}\"},\"query-input\":{\"@type\":\"PropertyValueSpecification\",\"valueRequired\":true,\"valueName\":\"search_term_string\"}}],\"inLanguage\":\"fr-FR\"},{\"@type\":\"Organization\",\"@id\":\"https:\/\/cogitoworldeducation.org\/fr\/#organization\",\"name\":\"Cogito\",\"url\":\"https:\/\/cogitoworldeducation.org\/fr\/\",\"logo\":{\"@type\":\"ImageObject\",\"inLanguage\":\"fr-FR\",\"@id\":\"https:\/\/cogitoworldeducation.org\/fr\/#\/schema\/logo\/image\/\",\"url\":\"http:\/\/cogitoworldeducation.org\/wp-content\/uploads\/2021\/04\/Favicon-Cogito.png\",\"contentUrl\":\"http:\/\/cogitoworldeducation.org\/wp-content\/uploads\/2021\/04\/Favicon-Cogito.png\",\"width\":16,\"height\":16,\"caption\":\"Cogito\"},\"image\":{\"@id\":\"https:\/\/cogitoworldeducation.org\/fr\/#\/schema\/logo\/image\/\"}}]}<\/script>\n<!-- \/ Yoast SEO plugin. -->","yoast_head_json":{"title":"Les meilleurs camps d'\u00e9t\u00e9 aux \u00c9tats-Unis | Cogito World Education","description":"Vous recherchez les meilleurs camps d'\u00e9t\u00e9 aux \u00c9tats-Unis? Rejoignez-nous \u00e0 Boston et suivez des cours dans les meilleures universit\u00e9s.","robots":{"index":"index","follow":"follow","max-snippet":"max-snippet:-1","max-image-preview":"max-image-preview:large","max-video-preview":"max-video-preview:-1"},"canonical":"http:\/\/cogitoworldeducation.org\/fr\/les-meilleurs-camps-dete-aux-etats-unis\/","og_locale":"fr_FR","og_type":"article","og_title":"Les meilleurs camps d'\u00e9t\u00e9 aux \u00c9tats-Unis | Cogito World Education","og_description":"Vous recherchez les meilleurs camps d'\u00e9t\u00e9 aux \u00c9tats-Unis? Rejoignez-nous \u00e0 Boston et suivez des cours dans les meilleures universit\u00e9s.","og_url":"http:\/\/cogitoworldeducation.org\/fr\/les-meilleurs-camps-dete-aux-etats-unis\/","og_site_name":"Cogito","article_modified_time":"2021-06-10T18:49:26+00:00","twitter_card":"summary_large_image","schema":{"@context":"https:\/\/schema.org","@graph":[{"@type":"WebPage","@id":"http:\/\/cogitoworldeducation.org\/fr\/les-meilleurs-camps-dete-aux-etats-unis\/","url":"http:\/\/cogitoworldeducation.org\/fr\/les-meilleurs-camps-dete-aux-etats-unis\/","name":"Les meilleurs camps d'\u00e9t\u00e9 aux \u00c9tats-Unis | Cogito World Education","isPartOf":{"@id":"https:\/\/cogitoworldeducation.org\/fr\/#website"},"datePublished":"2021-04-27T14:26:13+00:00","dateModified":"2021-06-10T18:49:26+00:00","description":"Vous recherchez les meilleurs camps d'\u00e9t\u00e9 aux \u00c9tats-Unis? Rejoignez-nous \u00e0 Boston et suivez des cours dans les meilleures universit\u00e9s.","breadcrumb":{"@id":"http:\/\/cogitoworldeducation.org\/fr\/les-meilleurs-camps-dete-aux-etats-unis\/#breadcrumb"},"inLanguage":"fr-FR","potentialAction":[{"@type":"ReadAction","target":["http:\/\/cogitoworldeducation.org\/fr\/les-meilleurs-camps-dete-aux-etats-unis\/"]}]},{"@type":"BreadcrumbList","@id":"http:\/\/cogitoworldeducation.org\/fr\/les-meilleurs-camps-dete-aux-etats-unis\/#breadcrumb","itemListElement":[{"@type":"ListItem","position":1,"name":"Home","item":"https:\/\/cogitoworldeducation.org\/fr\/"},{"@type":"ListItem","position":2,"name":"Programme D&#8217;\u00e9t\u00e9"}]},{"@type":"WebSite","@id":"https:\/\/cogitoworldeducation.org\/fr\/#website","url":"https:\/\/cogitoworldeducation.org\/fr\/","name":"Cogito","description":"Just another WordPress site","publisher":{"@id":"https:\/\/cogitoworldeducation.org\/fr\/#organization"},"potentialAction":[{"@type":"SearchAction","target":{"@type":"EntryPoint","urlTemplate":"https:\/\/cogitoworldeducation.org\/fr\/?s={search_term_string}"},"query-input":{"@type":"PropertyValueSpecification","valueRequired":true,"valueName":"search_term_string"}}],"inLanguage":"fr-FR"},{"@type":"Organization","@id":"https:\/\/cogitoworldeducation.org\/fr\/#organization","name":"Cogito","url":"https:\/\/cogitoworldeducation.org\/fr\/","logo":{"@type":"ImageObject","inLanguage":"fr-FR","@id":"https:\/\/cogitoworldeducation.org\/fr\/#\/schema\/logo\/image\/","url":"http:\/\/cogitoworldeducation.org\/wp-content\/uploads\/2021\/04\/Favicon-Cogito.png","contentUrl":"http:\/\/cogitoworldeducation.org\/wp-content\/uploads\/2021\/04\/Favicon-Cogito.png","width":16,"height":16,"caption":"Cogito"},"image":{"@id":"https:\/\/cogitoworldeducation.org\/fr\/#\/schema\/logo\/image\/"}}]}},"_links":{"self":[{"href":"http:\/\/cogitoworldeducation.org\/fr\/wp-json\/wp\/v2\/pages\/3590","targetHints":{"allow":["GET"]}}],"collection":[{"href":"http:\/\/cogitoworldeducation.org\/fr\/wp-json\/wp\/v2\/pages"}],"about":[{"href":"http:\/\/cogitoworldeducation.org\/fr\/wp-json\/wp\/v2\/types\/page"}],"author":[{"embeddable":true,"href":"http:\/\/cogitoworldeducation.org\/fr\/wp-json\/wp\/v2\/users\/1"}],"replies":[{"embeddable":true,"href":"http:\/\/cogitoworldeducation.org\/fr\/wp-json\/wp\/v2\/comments?post=3590"}],"version-history":[{"count":12,"href":"http:\/\/cogitoworldeducation.org\/fr\/wp-json\/wp\/v2\/pages\/3590\/revisions"}],"predecessor-version":[{"id":10547,"href":"http:\/\/cogitoworldeducation.org\/fr\/wp-json\/wp\/v2\/pages\/3590\/revisions\/10547"}],"wp:attachment":[{"href":"http:\/\/cogitoworldeducation.org\/fr\/wp-json\/wp\/v2\/media?parent=3590"}],"curies":[{"name":"wp","href":"https:\/\/api.w.org\/{rel}","templated":true}]}}