{"id":12758,"date":"2021-02-22T18:24:20","date_gmt":"2021-02-22T18:24:20","guid":{"rendered":"https:\/\/cogitoworldeducation.org\/study-in-the-us-scholarships-for-high-schools-universities-summer-camps-guardianships\/"},"modified":"2021-07-02T15:36:02","modified_gmt":"2021-07-02T15:36:02","slug":"study-in-the-us-scholarships-for-high-schools-universities-summer-camps-guardianships","status":"publish","type":"page","link":"http:\/\/cogitoworldeducation.org\/pt-br\/","title":{"rendered":"Home"},"content":{"rendered":"","protected":false},"excerpt":{"rendered":"","protected":false},"author":1,"featured_media":0,"parent":0,"menu_order":92,"comment_status":"closed","ping_status":"closed","template":"templates\/page-home.php","meta":{"_acf_changed":false,"content-type":"","inline_featured_image":false,"footnotes":""},"class_list":["post-12758","page","type-page","status-publish","hentry"],"acf":[],"yoast_head":"<!-- This site is optimized with the Yoast SEO plugin v25.0 - https:\/\/yoast.com\/wordpress\/plugins\/seo\/ -->\n<title>Estudar nos Estados Unidos e Canad\u00e1 | Cogito World Education<\/title>\n<meta name=\"description\" content=\"Quer estudar nos Estados Unidos? N\u00f3s te ajudamos a encontrar a melhor escola, universidade ou programa de ver\u00e3o com bolsa de estudos parcial!\" \/>\n<meta name=\"robots\" content=\"index, follow, max-snippet:-1, max-image-preview:large, max-video-preview:-1\" \/>\n<link rel=\"canonical\" href=\"http:\/\/cogitoworldeducation.org\/pt-br\/\" \/>\n<meta property=\"og:locale\" content=\"pt_BR\" \/>\n<meta property=\"og:type\" content=\"article\" \/>\n<meta property=\"og:title\" content=\"Estudar nos Estados Unidos e Canad\u00e1 | Cogito World Education\" \/>\n<meta property=\"og:description\" content=\"Quer estudar nos Estados Unidos? N\u00f3s te ajudamos a encontrar a melhor escola, universidade ou programa de ver\u00e3o com bolsa de estudos parcial!\" \/>\n<meta property=\"og:url\" content=\"http:\/\/cogitoworldeducation.org\/pt-br\/\" \/>\n<meta property=\"og:site_name\" content=\"Cogito\" \/>\n<meta property=\"article:modified_time\" content=\"2021-07-02T15:36:02+00:00\" \/>\n<meta name=\"twitter:card\" content=\"summary_large_image\" \/>\n<script type=\"application\/ld+json\" class=\"yoast-schema-graph\">{\"@context\":\"https:\/\/schema.org\",\"@graph\":[{\"@type\":\"WebPage\",\"@id\":\"http:\/\/cogitoworldeducation.org\/pt-br\/\",\"url\":\"http:\/\/cogitoworldeducation.org\/pt-br\/\",\"name\":\"Estudar nos Estados Unidos e Canad\u00e1 | Cogito World Education\",\"isPartOf\":{\"@id\":\"https:\/\/cogitoworldeducation.org\/pt-br\/#website\"},\"datePublished\":\"2021-02-22T18:24:20+00:00\",\"dateModified\":\"2021-07-02T15:36:02+00:00\",\"description\":\"Quer estudar nos Estados Unidos? N\u00f3s te ajudamos a encontrar a melhor escola, universidade ou programa de ver\u00e3o com bolsa de estudos parcial!\",\"breadcrumb\":{\"@id\":\"http:\/\/cogitoworldeducation.org\/pt-br\/#breadcrumb\"},\"inLanguage\":\"pt-BR\",\"potentialAction\":[{\"@type\":\"ReadAction\",\"target\":[\"http:\/\/cogitoworldeducation.org\/pt-br\/\"]}]},{\"@type\":\"BreadcrumbList\",\"@id\":\"http:\/\/cogitoworldeducation.org\/pt-br\/#breadcrumb\",\"itemListElement\":[{\"@type\":\"ListItem\",\"position\":1,\"name\":\"Home\",\"item\":\"http:\/\/cogitoworldeducation.org\/pt-br\/\"},{\"@type\":\"ListItem\",\"position\":2,\"name\":\"Home\"}]},{\"@type\":\"WebSite\",\"@id\":\"https:\/\/cogitoworldeducation.org\/pt-br\/#website\",\"url\":\"https:\/\/cogitoworldeducation.org\/pt-br\/\",\"name\":\"Cogito\",\"description\":\"Just another WordPress site\",\"publisher\":{\"@id\":\"https:\/\/cogitoworldeducation.org\/pt-br\/#organization\"},\"potentialAction\":[{\"@type\":\"SearchAction\",\"target\":{\"@type\":\"EntryPoint\",\"urlTemplate\":\"https:\/\/cogitoworldeducation.org\/pt-br\/?s={search_term_string}\"},\"query-input\":{\"@type\":\"PropertyValueSpecification\",\"valueRequired\":true,\"valueName\":\"search_term_string\"}}],\"inLanguage\":\"pt-BR\"},{\"@type\":\"Organization\",\"@id\":\"https:\/\/cogitoworldeducation.org\/pt-br\/#organization\",\"name\":\"Cogito\",\"url\":\"https:\/\/cogitoworldeducation.org\/pt-br\/\",\"logo\":{\"@type\":\"ImageObject\",\"inLanguage\":\"pt-BR\",\"@id\":\"https:\/\/cogitoworldeducation.org\/pt-br\/#\/schema\/logo\/image\/\",\"url\":\"http:\/\/cogitoworldeducation.org\/wp-content\/uploads\/2021\/04\/Favicon-Cogito.png\",\"contentUrl\":\"http:\/\/cogitoworldeducation.org\/wp-content\/uploads\/2021\/04\/Favicon-Cogito.png\",\"width\":16,\"height\":16,\"caption\":\"Cogito\"},\"image\":{\"@id\":\"https:\/\/cogitoworldeducation.org\/pt-br\/#\/schema\/logo\/image\/\"}}]}<\/script>\n<!-- \/ Yoast SEO plugin. -->","yoast_head_json":{"title":"Estudar nos Estados Unidos e Canad\u00e1 | Cogito World Education","description":"Quer estudar nos Estados Unidos? N\u00f3s te ajudamos a encontrar a melhor escola, universidade ou programa de ver\u00e3o com bolsa de estudos parcial!","robots":{"index":"index","follow":"follow","max-snippet":"max-snippet:-1","max-image-preview":"max-image-preview:large","max-video-preview":"max-video-preview:-1"},"canonical":"http:\/\/cogitoworldeducation.org\/pt-br\/","og_locale":"pt_BR","og_type":"article","og_title":"Estudar nos Estados Unidos e Canad\u00e1 | Cogito World Education","og_description":"Quer estudar nos Estados Unidos? N\u00f3s te ajudamos a encontrar a melhor escola, universidade ou programa de ver\u00e3o com bolsa de estudos parcial!","og_url":"http:\/\/cogitoworldeducation.org\/pt-br\/","og_site_name":"Cogito","article_modified_time":"2021-07-02T15:36:02+00:00","twitter_card":"summary_large_image","schema":{"@context":"https:\/\/schema.org","@graph":[{"@type":"WebPage","@id":"http:\/\/cogitoworldeducation.org\/pt-br\/","url":"http:\/\/cogitoworldeducation.org\/pt-br\/","name":"Estudar nos Estados Unidos e Canad\u00e1 | Cogito World Education","isPartOf":{"@id":"https:\/\/cogitoworldeducation.org\/pt-br\/#website"},"datePublished":"2021-02-22T18:24:20+00:00","dateModified":"2021-07-02T15:36:02+00:00","description":"Quer estudar nos Estados Unidos? N\u00f3s te ajudamos a encontrar a melhor escola, universidade ou programa de ver\u00e3o com bolsa de estudos parcial!","breadcrumb":{"@id":"http:\/\/cogitoworldeducation.org\/pt-br\/#breadcrumb"},"inLanguage":"pt-BR","potentialAction":[{"@type":"ReadAction","target":["http:\/\/cogitoworldeducation.org\/pt-br\/"]}]},{"@type":"BreadcrumbList","@id":"http:\/\/cogitoworldeducation.org\/pt-br\/#breadcrumb","itemListElement":[{"@type":"ListItem","position":1,"name":"Home","item":"http:\/\/cogitoworldeducation.org\/pt-br\/"},{"@type":"ListItem","position":2,"name":"Home"}]},{"@type":"WebSite","@id":"https:\/\/cogitoworldeducation.org\/pt-br\/#website","url":"https:\/\/cogitoworldeducation.org\/pt-br\/","name":"Cogito","description":"Just another WordPress site","publisher":{"@id":"https:\/\/cogitoworldeducation.org\/pt-br\/#organization"},"potentialAction":[{"@type":"SearchAction","target":{"@type":"EntryPoint","urlTemplate":"https:\/\/cogitoworldeducation.org\/pt-br\/?s={search_term_string}"},"query-input":{"@type":"PropertyValueSpecification","valueRequired":true,"valueName":"search_term_string"}}],"inLanguage":"pt-BR"},{"@type":"Organization","@id":"https:\/\/cogitoworldeducation.org\/pt-br\/#organization","name":"Cogito","url":"https:\/\/cogitoworldeducation.org\/pt-br\/","logo":{"@type":"ImageObject","inLanguage":"pt-BR","@id":"https:\/\/cogitoworldeducation.org\/pt-br\/#\/schema\/logo\/image\/","url":"http:\/\/cogitoworldeducation.org\/wp-content\/uploads\/2021\/04\/Favicon-Cogito.png","contentUrl":"http:\/\/cogitoworldeducation.org\/wp-content\/uploads\/2021\/04\/Favicon-Cogito.png","width":16,"height":16,"caption":"Cogito"},"image":{"@id":"https:\/\/cogitoworldeducation.org\/pt-br\/#\/schema\/logo\/image\/"}}]}},"_links":{"self":[{"href":"http:\/\/cogitoworldeducation.org\/pt-br\/wp-json\/wp\/v2\/pages\/12758","targetHints":{"allow":["GET"]}}],"collection":[{"href":"http:\/\/cogitoworldeducation.org\/pt-br\/wp-json\/wp\/v2\/pages"}],"about":[{"href":"http:\/\/cogitoworldeducation.org\/pt-br\/wp-json\/wp\/v2\/types\/page"}],"author":[{"embeddable":true,"href":"http:\/\/cogitoworldeducation.org\/pt-br\/wp-json\/wp\/v2\/users\/1"}],"replies":[{"embeddable":true,"href":"http:\/\/cogitoworldeducation.org\/pt-br\/wp-json\/wp\/v2\/comments?post=12758"}],"version-history":[{"count":4,"href":"http:\/\/cogitoworldeducation.org\/pt-br\/wp-json\/wp\/v2\/pages\/12758\/revisions"}],"predecessor-version":[{"id":12772,"href":"http:\/\/cogitoworldeducation.org\/pt-br\/wp-json\/wp\/v2\/pages\/12758\/revisions\/12772"}],"wp:attachment":[{"href":"http:\/\/cogitoworldeducation.org\/pt-br\/wp-json\/wp\/v2\/media?parent=12758"}],"curies":[{"name":"wp","href":"https:\/\/api.w.org\/{rel}","templated":true}]}}