{"id":8121,"date":"2021-04-27T17:33:23","date_gmt":"2021-04-27T17:33:23","guid":{"rendered":"http:\/\/cogitoworldeducation.org\/english-language-summer-camp-usa\/"},"modified":"2021-07-16T20:12:08","modified_gmt":"2021-07-16T20:12:08","slug":"cursos-de-ingles-en-estados-unidos-en-verano","status":"publish","type":"page","link":"https:\/\/cogitoworldeducation.org\/es\/cursos-de-ingles-en-estados-unidos-en-verano\/","title":{"rendered":"ESL Summer English Program"},"content":{"rendered":"","protected":false},"excerpt":{"rendered":"","protected":false},"author":1,"featured_media":0,"parent":0,"menu_order":0,"comment_status":"closed","ping_status":"closed","template":"templates\/page-esl-summer-english-program.php.php","meta":{"_acf_changed":false,"content-type":"","inline_featured_image":false,"footnotes":""},"class_list":["post-8121","page","type-page","status-publish","hentry"],"acf":[],"yoast_head":"<!-- This site is optimized with the Yoast SEO plugin v25.0 - https:\/\/yoast.com\/wordpress\/plugins\/seo\/ -->\n<title>Cursos de ingl\u00e9s en Estados Unidos en verano | Cogito World Education<\/title>\n<meta name=\"description\" content=\"Aprenda ingl\u00e9s durante las vacaciones de verano en Harvard sq y MIT en Boston, EE. UU. Para estudiantes de 13 a 17 a\u00f1os.\" \/>\n<meta name=\"robots\" content=\"index, follow, max-snippet:-1, max-image-preview:large, max-video-preview:-1\" \/>\n<link rel=\"canonical\" href=\"https:\/\/cogitoworldeducation.org\/es\/cursos-de-ingles-en-estados-unidos-en-verano\/\" \/>\n<meta property=\"og:locale\" content=\"es_ES\" \/>\n<meta property=\"og:type\" content=\"article\" \/>\n<meta property=\"og:title\" content=\"Cursos de ingl\u00e9s en Estados Unidos en verano | Cogito World Education\" \/>\n<meta property=\"og:description\" content=\"Aprenda ingl\u00e9s durante las vacaciones de verano en Harvard sq y MIT en Boston, EE. UU. Para estudiantes de 13 a 17 a\u00f1os.\" \/>\n<meta property=\"og:url\" content=\"https:\/\/cogitoworldeducation.org\/es\/cursos-de-ingles-en-estados-unidos-en-verano\/\" \/>\n<meta property=\"og:site_name\" content=\"Cogito\" \/>\n<meta property=\"article:modified_time\" content=\"2021-07-16T20:12:08+00:00\" \/>\n<meta name=\"twitter:card\" content=\"summary_large_image\" \/>\n<script type=\"application\/ld+json\" class=\"yoast-schema-graph\">{\"@context\":\"https:\/\/schema.org\",\"@graph\":[{\"@type\":\"WebPage\",\"@id\":\"https:\/\/cogitoworldeducation.org\/es\/cursos-de-ingles-en-estados-unidos-en-verano\/\",\"url\":\"https:\/\/cogitoworldeducation.org\/es\/cursos-de-ingles-en-estados-unidos-en-verano\/\",\"name\":\"Cursos de ingl\u00e9s en Estados Unidos en verano | Cogito World Education\",\"isPartOf\":{\"@id\":\"https:\/\/cogitoworldeducation.org\/es\/#website\"},\"datePublished\":\"2021-04-27T17:33:23+00:00\",\"dateModified\":\"2021-07-16T20:12:08+00:00\",\"description\":\"Aprenda ingl\u00e9s durante las vacaciones de verano en Harvard sq y MIT en Boston, EE. UU. Para estudiantes de 13 a 17 a\u00f1os.\",\"breadcrumb\":{\"@id\":\"https:\/\/cogitoworldeducation.org\/es\/cursos-de-ingles-en-estados-unidos-en-verano\/#breadcrumb\"},\"inLanguage\":\"es-ES\",\"potentialAction\":[{\"@type\":\"ReadAction\",\"target\":[\"https:\/\/cogitoworldeducation.org\/es\/cursos-de-ingles-en-estados-unidos-en-verano\/\"]}]},{\"@type\":\"BreadcrumbList\",\"@id\":\"https:\/\/cogitoworldeducation.org\/es\/cursos-de-ingles-en-estados-unidos-en-verano\/#breadcrumb\",\"itemListElement\":[{\"@type\":\"ListItem\",\"position\":1,\"name\":\"Home\",\"item\":\"http:\/\/cogitoworldeducation.org\/es\/\"},{\"@type\":\"ListItem\",\"position\":2,\"name\":\"ESL Summer English Program\"}]},{\"@type\":\"WebSite\",\"@id\":\"https:\/\/cogitoworldeducation.org\/es\/#website\",\"url\":\"https:\/\/cogitoworldeducation.org\/es\/\",\"name\":\"Cogito\",\"description\":\"Just another WordPress site\",\"publisher\":{\"@id\":\"https:\/\/cogitoworldeducation.org\/es\/#organization\"},\"potentialAction\":[{\"@type\":\"SearchAction\",\"target\":{\"@type\":\"EntryPoint\",\"urlTemplate\":\"https:\/\/cogitoworldeducation.org\/es\/?s={search_term_string}\"},\"query-input\":{\"@type\":\"PropertyValueSpecification\",\"valueRequired\":true,\"valueName\":\"search_term_string\"}}],\"inLanguage\":\"es-ES\"},{\"@type\":\"Organization\",\"@id\":\"https:\/\/cogitoworldeducation.org\/es\/#organization\",\"name\":\"Cogito\",\"url\":\"https:\/\/cogitoworldeducation.org\/es\/\",\"logo\":{\"@type\":\"ImageObject\",\"inLanguage\":\"es-ES\",\"@id\":\"https:\/\/cogitoworldeducation.org\/es\/#\/schema\/logo\/image\/\",\"url\":\"https:\/\/cogitoworldeducation.org\/wp-content\/uploads\/2021\/04\/Favicon-Cogito.png\",\"contentUrl\":\"https:\/\/cogitoworldeducation.org\/wp-content\/uploads\/2021\/04\/Favicon-Cogito.png\",\"width\":16,\"height\":16,\"caption\":\"Cogito\"},\"image\":{\"@id\":\"https:\/\/cogitoworldeducation.org\/es\/#\/schema\/logo\/image\/\"}}]}<\/script>\n<!-- \/ Yoast SEO plugin. -->","yoast_head_json":{"title":"Cursos de ingl\u00e9s en Estados Unidos en verano | Cogito World Education","description":"Aprenda ingl\u00e9s durante las vacaciones de verano en Harvard sq y MIT en Boston, EE. UU. Para estudiantes de 13 a 17 a\u00f1os.","robots":{"index":"index","follow":"follow","max-snippet":"max-snippet:-1","max-image-preview":"max-image-preview:large","max-video-preview":"max-video-preview:-1"},"canonical":"https:\/\/cogitoworldeducation.org\/es\/cursos-de-ingles-en-estados-unidos-en-verano\/","og_locale":"es_ES","og_type":"article","og_title":"Cursos de ingl\u00e9s en Estados Unidos en verano | Cogito World Education","og_description":"Aprenda ingl\u00e9s durante las vacaciones de verano en Harvard sq y MIT en Boston, EE. UU. Para estudiantes de 13 a 17 a\u00f1os.","og_url":"https:\/\/cogitoworldeducation.org\/es\/cursos-de-ingles-en-estados-unidos-en-verano\/","og_site_name":"Cogito","article_modified_time":"2021-07-16T20:12:08+00:00","twitter_card":"summary_large_image","schema":{"@context":"https:\/\/schema.org","@graph":[{"@type":"WebPage","@id":"https:\/\/cogitoworldeducation.org\/es\/cursos-de-ingles-en-estados-unidos-en-verano\/","url":"https:\/\/cogitoworldeducation.org\/es\/cursos-de-ingles-en-estados-unidos-en-verano\/","name":"Cursos de ingl\u00e9s en Estados Unidos en verano | Cogito World Education","isPartOf":{"@id":"https:\/\/cogitoworldeducation.org\/es\/#website"},"datePublished":"2021-04-27T17:33:23+00:00","dateModified":"2021-07-16T20:12:08+00:00","description":"Aprenda ingl\u00e9s durante las vacaciones de verano en Harvard sq y MIT en Boston, EE. UU. Para estudiantes de 13 a 17 a\u00f1os.","breadcrumb":{"@id":"https:\/\/cogitoworldeducation.org\/es\/cursos-de-ingles-en-estados-unidos-en-verano\/#breadcrumb"},"inLanguage":"es-ES","potentialAction":[{"@type":"ReadAction","target":["https:\/\/cogitoworldeducation.org\/es\/cursos-de-ingles-en-estados-unidos-en-verano\/"]}]},{"@type":"BreadcrumbList","@id":"https:\/\/cogitoworldeducation.org\/es\/cursos-de-ingles-en-estados-unidos-en-verano\/#breadcrumb","itemListElement":[{"@type":"ListItem","position":1,"name":"Home","item":"http:\/\/cogitoworldeducation.org\/es\/"},{"@type":"ListItem","position":2,"name":"ESL Summer English Program"}]},{"@type":"WebSite","@id":"https:\/\/cogitoworldeducation.org\/es\/#website","url":"https:\/\/cogitoworldeducation.org\/es\/","name":"Cogito","description":"Just another WordPress site","publisher":{"@id":"https:\/\/cogitoworldeducation.org\/es\/#organization"},"potentialAction":[{"@type":"SearchAction","target":{"@type":"EntryPoint","urlTemplate":"https:\/\/cogitoworldeducation.org\/es\/?s={search_term_string}"},"query-input":{"@type":"PropertyValueSpecification","valueRequired":true,"valueName":"search_term_string"}}],"inLanguage":"es-ES"},{"@type":"Organization","@id":"https:\/\/cogitoworldeducation.org\/es\/#organization","name":"Cogito","url":"https:\/\/cogitoworldeducation.org\/es\/","logo":{"@type":"ImageObject","inLanguage":"es-ES","@id":"https:\/\/cogitoworldeducation.org\/es\/#\/schema\/logo\/image\/","url":"https:\/\/cogitoworldeducation.org\/wp-content\/uploads\/2021\/04\/Favicon-Cogito.png","contentUrl":"https:\/\/cogitoworldeducation.org\/wp-content\/uploads\/2021\/04\/Favicon-Cogito.png","width":16,"height":16,"caption":"Cogito"},"image":{"@id":"https:\/\/cogitoworldeducation.org\/es\/#\/schema\/logo\/image\/"}}]}},"_links":{"self":[{"href":"https:\/\/cogitoworldeducation.org\/es\/wp-json\/wp\/v2\/pages\/8121","targetHints":{"allow":["GET"]}}],"collection":[{"href":"https:\/\/cogitoworldeducation.org\/es\/wp-json\/wp\/v2\/pages"}],"about":[{"href":"https:\/\/cogitoworldeducation.org\/es\/wp-json\/wp\/v2\/types\/page"}],"author":[{"embeddable":true,"href":"https:\/\/cogitoworldeducation.org\/es\/wp-json\/wp\/v2\/users\/1"}],"replies":[{"embeddable":true,"href":"https:\/\/cogitoworldeducation.org\/es\/wp-json\/wp\/v2\/comments?post=8121"}],"version-history":[{"count":15,"href":"https:\/\/cogitoworldeducation.org\/es\/wp-json\/wp\/v2\/pages\/8121\/revisions"}],"predecessor-version":[{"id":13300,"href":"https:\/\/cogitoworldeducation.org\/es\/wp-json\/wp\/v2\/pages\/8121\/revisions\/13300"}],"wp:attachment":[{"href":"https:\/\/cogitoworldeducation.org\/es\/wp-json\/wp\/v2\/media?parent=8121"}],"curies":[{"name":"wp","href":"https:\/\/api.w.org\/{rel}","templated":true}]}}