{"id":10337,"date":"2021-04-27T16:06:38","date_gmt":"2021-04-27T16:06:38","guid":{"rendered":"http:\/\/cogitoworldeducation.org\/school-break-programs\/"},"modified":"2021-06-10T20:08:36","modified_gmt":"2021-06-10T20:08:36","slug":"vacances-scolaires-aux-etats-unis","status":"publish","type":"page","link":"https:\/\/cogitoworldeducation.org\/fr\/vacances-scolaires-aux-etats-unis\/","title":{"rendered":"Vacances Scolaires"},"content":{"rendered":"","protected":false},"excerpt":{"rendered":"","protected":false},"author":1,"featured_media":6619,"parent":0,"menu_order":0,"comment_status":"closed","ping_status":"closed","template":"templates\/page-school-breaks.php","meta":{"_acf_changed":false,"content-type":"","inline_featured_image":false,"footnotes":""},"class_list":["post-10337","page","type-page","status-publish","has-post-thumbnail","hentry"],"acf":[],"yoast_head":"<!-- This site is optimized with the Yoast SEO plugin v25.0 - https:\/\/yoast.com\/wordpress\/plugins\/seo\/ -->\n<title>Vacances scolaires pour les \u00e9tudiants aux \u00c9tats-Unis<\/title>\n<meta name=\"description\" content=\"Cogito propose des programmes de vacances amusants et abordables pour les \u00e9l\u00e8ves des internats durant le Printemps, Thanksgiving et No\u00ebl.\" \/>\n<meta name=\"robots\" content=\"index, follow, max-snippet:-1, max-image-preview:large, max-video-preview:-1\" \/>\n<link rel=\"canonical\" href=\"https:\/\/cogitoworldeducation.org\/fr\/vacances-scolaires-aux-etats-unis\/\" \/>\n<meta property=\"og:locale\" content=\"fr_FR\" \/>\n<meta property=\"og:type\" content=\"article\" \/>\n<meta property=\"og:title\" content=\"Vacances scolaires pour les \u00e9tudiants aux \u00c9tats-Unis\" \/>\n<meta property=\"og:description\" content=\"Cogito propose des programmes de vacances amusants et abordables pour les \u00e9l\u00e8ves des internats durant le Printemps, Thanksgiving et No\u00ebl.\" \/>\n<meta property=\"og:url\" content=\"https:\/\/cogitoworldeducation.org\/fr\/vacances-scolaires-aux-etats-unis\/\" \/>\n<meta property=\"og:site_name\" content=\"Cogito\" \/>\n<meta property=\"article:modified_time\" content=\"2021-06-10T20:08:36+00:00\" \/>\n<meta property=\"og:image\" content=\"http:\/\/cogitoworldeducation.org\/wp-content\/uploads\/2021\/03\/Our-Service-3.jpg\" \/>\n\t<meta property=\"og:image:width\" content=\"758\" \/>\n\t<meta property=\"og:image:height\" content=\"460\" \/>\n\t<meta property=\"og:image:type\" content=\"image\/jpeg\" \/>\n<meta name=\"twitter:card\" content=\"summary_large_image\" \/>\n<script type=\"application\/ld+json\" class=\"yoast-schema-graph\">{\"@context\":\"https:\/\/schema.org\",\"@graph\":[{\"@type\":\"WebPage\",\"@id\":\"https:\/\/cogitoworldeducation.org\/fr\/vacances-scolaires-aux-etats-unis\/\",\"url\":\"https:\/\/cogitoworldeducation.org\/fr\/vacances-scolaires-aux-etats-unis\/\",\"name\":\"Vacances scolaires pour les \u00e9tudiants aux \u00c9tats-Unis\",\"isPartOf\":{\"@id\":\"http:\/\/cogitoworldeducation.org\/fr\/#website\"},\"primaryImageOfPage\":{\"@id\":\"https:\/\/cogitoworldeducation.org\/fr\/vacances-scolaires-aux-etats-unis\/#primaryimage\"},\"image\":{\"@id\":\"https:\/\/cogitoworldeducation.org\/fr\/vacances-scolaires-aux-etats-unis\/#primaryimage\"},\"thumbnailUrl\":\"https:\/\/cogitoworldeducation.org\/wp-content\/uploads\/2021\/03\/Our-Service-3.jpg\",\"datePublished\":\"2021-04-27T16:06:38+00:00\",\"dateModified\":\"2021-06-10T20:08:36+00:00\",\"description\":\"Cogito propose des programmes de vacances amusants et abordables pour les \u00e9l\u00e8ves des internats durant le Printemps, Thanksgiving et No\u00ebl.\",\"breadcrumb\":{\"@id\":\"https:\/\/cogitoworldeducation.org\/fr\/vacances-scolaires-aux-etats-unis\/#breadcrumb\"},\"inLanguage\":\"fr-FR\",\"potentialAction\":[{\"@type\":\"ReadAction\",\"target\":[\"https:\/\/cogitoworldeducation.org\/fr\/vacances-scolaires-aux-etats-unis\/\"]}]},{\"@type\":\"ImageObject\",\"inLanguage\":\"fr-FR\",\"@id\":\"https:\/\/cogitoworldeducation.org\/fr\/vacances-scolaires-aux-etats-unis\/#primaryimage\",\"url\":\"https:\/\/cogitoworldeducation.org\/wp-content\/uploads\/2021\/03\/Our-Service-3.jpg\",\"contentUrl\":\"https:\/\/cogitoworldeducation.org\/wp-content\/uploads\/2021\/03\/Our-Service-3.jpg\",\"width\":758,\"height\":460},{\"@type\":\"BreadcrumbList\",\"@id\":\"https:\/\/cogitoworldeducation.org\/fr\/vacances-scolaires-aux-etats-unis\/#breadcrumb\",\"itemListElement\":[{\"@type\":\"ListItem\",\"position\":1,\"name\":\"Home\",\"item\":\"https:\/\/cogitoworldeducation.org\/fr\/\"},{\"@type\":\"ListItem\",\"position\":2,\"name\":\"Vacances Scolaires\"}]},{\"@type\":\"WebSite\",\"@id\":\"http:\/\/cogitoworldeducation.org\/fr\/#website\",\"url\":\"http:\/\/cogitoworldeducation.org\/fr\/\",\"name\":\"Cogito\",\"description\":\"Just another WordPress site\",\"publisher\":{\"@id\":\"http:\/\/cogitoworldeducation.org\/fr\/#organization\"},\"potentialAction\":[{\"@type\":\"SearchAction\",\"target\":{\"@type\":\"EntryPoint\",\"urlTemplate\":\"http:\/\/cogitoworldeducation.org\/fr\/?s={search_term_string}\"},\"query-input\":{\"@type\":\"PropertyValueSpecification\",\"valueRequired\":true,\"valueName\":\"search_term_string\"}}],\"inLanguage\":\"fr-FR\"},{\"@type\":\"Organization\",\"@id\":\"http:\/\/cogitoworldeducation.org\/fr\/#organization\",\"name\":\"Cogito\",\"url\":\"http:\/\/cogitoworldeducation.org\/fr\/\",\"logo\":{\"@type\":\"ImageObject\",\"inLanguage\":\"fr-FR\",\"@id\":\"http:\/\/cogitoworldeducation.org\/fr\/#\/schema\/logo\/image\/\",\"url\":\"https:\/\/cogitoworldeducation.org\/wp-content\/uploads\/2021\/04\/Favicon-Cogito.png\",\"contentUrl\":\"https:\/\/cogitoworldeducation.org\/wp-content\/uploads\/2021\/04\/Favicon-Cogito.png\",\"width\":16,\"height\":16,\"caption\":\"Cogito\"},\"image\":{\"@id\":\"http:\/\/cogitoworldeducation.org\/fr\/#\/schema\/logo\/image\/\"}}]}<\/script>\n<!-- \/ Yoast SEO plugin. -->","yoast_head_json":{"title":"Vacances scolaires pour les \u00e9tudiants aux \u00c9tats-Unis","description":"Cogito propose des programmes de vacances amusants et abordables pour les \u00e9l\u00e8ves des internats durant le Printemps, Thanksgiving et No\u00ebl.","robots":{"index":"index","follow":"follow","max-snippet":"max-snippet:-1","max-image-preview":"max-image-preview:large","max-video-preview":"max-video-preview:-1"},"canonical":"https:\/\/cogitoworldeducation.org\/fr\/vacances-scolaires-aux-etats-unis\/","og_locale":"fr_FR","og_type":"article","og_title":"Vacances scolaires pour les \u00e9tudiants aux \u00c9tats-Unis","og_description":"Cogito propose des programmes de vacances amusants et abordables pour les \u00e9l\u00e8ves des internats durant le Printemps, Thanksgiving et No\u00ebl.","og_url":"https:\/\/cogitoworldeducation.org\/fr\/vacances-scolaires-aux-etats-unis\/","og_site_name":"Cogito","article_modified_time":"2021-06-10T20:08:36+00:00","og_image":[{"width":758,"height":460,"url":"http:\/\/cogitoworldeducation.org\/wp-content\/uploads\/2021\/03\/Our-Service-3.jpg","type":"image\/jpeg"}],"twitter_card":"summary_large_image","schema":{"@context":"https:\/\/schema.org","@graph":[{"@type":"WebPage","@id":"https:\/\/cogitoworldeducation.org\/fr\/vacances-scolaires-aux-etats-unis\/","url":"https:\/\/cogitoworldeducation.org\/fr\/vacances-scolaires-aux-etats-unis\/","name":"Vacances scolaires pour les \u00e9tudiants aux \u00c9tats-Unis","isPartOf":{"@id":"http:\/\/cogitoworldeducation.org\/fr\/#website"},"primaryImageOfPage":{"@id":"https:\/\/cogitoworldeducation.org\/fr\/vacances-scolaires-aux-etats-unis\/#primaryimage"},"image":{"@id":"https:\/\/cogitoworldeducation.org\/fr\/vacances-scolaires-aux-etats-unis\/#primaryimage"},"thumbnailUrl":"https:\/\/cogitoworldeducation.org\/wp-content\/uploads\/2021\/03\/Our-Service-3.jpg","datePublished":"2021-04-27T16:06:38+00:00","dateModified":"2021-06-10T20:08:36+00:00","description":"Cogito propose des programmes de vacances amusants et abordables pour les \u00e9l\u00e8ves des internats durant le Printemps, Thanksgiving et No\u00ebl.","breadcrumb":{"@id":"https:\/\/cogitoworldeducation.org\/fr\/vacances-scolaires-aux-etats-unis\/#breadcrumb"},"inLanguage":"fr-FR","potentialAction":[{"@type":"ReadAction","target":["https:\/\/cogitoworldeducation.org\/fr\/vacances-scolaires-aux-etats-unis\/"]}]},{"@type":"ImageObject","inLanguage":"fr-FR","@id":"https:\/\/cogitoworldeducation.org\/fr\/vacances-scolaires-aux-etats-unis\/#primaryimage","url":"https:\/\/cogitoworldeducation.org\/wp-content\/uploads\/2021\/03\/Our-Service-3.jpg","contentUrl":"https:\/\/cogitoworldeducation.org\/wp-content\/uploads\/2021\/03\/Our-Service-3.jpg","width":758,"height":460},{"@type":"BreadcrumbList","@id":"https:\/\/cogitoworldeducation.org\/fr\/vacances-scolaires-aux-etats-unis\/#breadcrumb","itemListElement":[{"@type":"ListItem","position":1,"name":"Home","item":"https:\/\/cogitoworldeducation.org\/fr\/"},{"@type":"ListItem","position":2,"name":"Vacances Scolaires"}]},{"@type":"WebSite","@id":"http:\/\/cogitoworldeducation.org\/fr\/#website","url":"http:\/\/cogitoworldeducation.org\/fr\/","name":"Cogito","description":"Just another WordPress site","publisher":{"@id":"http:\/\/cogitoworldeducation.org\/fr\/#organization"},"potentialAction":[{"@type":"SearchAction","target":{"@type":"EntryPoint","urlTemplate":"http:\/\/cogitoworldeducation.org\/fr\/?s={search_term_string}"},"query-input":{"@type":"PropertyValueSpecification","valueRequired":true,"valueName":"search_term_string"}}],"inLanguage":"fr-FR"},{"@type":"Organization","@id":"http:\/\/cogitoworldeducation.org\/fr\/#organization","name":"Cogito","url":"http:\/\/cogitoworldeducation.org\/fr\/","logo":{"@type":"ImageObject","inLanguage":"fr-FR","@id":"http:\/\/cogitoworldeducation.org\/fr\/#\/schema\/logo\/image\/","url":"https:\/\/cogitoworldeducation.org\/wp-content\/uploads\/2021\/04\/Favicon-Cogito.png","contentUrl":"https:\/\/cogitoworldeducation.org\/wp-content\/uploads\/2021\/04\/Favicon-Cogito.png","width":16,"height":16,"caption":"Cogito"},"image":{"@id":"http:\/\/cogitoworldeducation.org\/fr\/#\/schema\/logo\/image\/"}}]}},"_links":{"self":[{"href":"https:\/\/cogitoworldeducation.org\/fr\/wp-json\/wp\/v2\/pages\/10337","targetHints":{"allow":["GET"]}}],"collection":[{"href":"https:\/\/cogitoworldeducation.org\/fr\/wp-json\/wp\/v2\/pages"}],"about":[{"href":"https:\/\/cogitoworldeducation.org\/fr\/wp-json\/wp\/v2\/types\/page"}],"author":[{"embeddable":true,"href":"https:\/\/cogitoworldeducation.org\/fr\/wp-json\/wp\/v2\/users\/1"}],"replies":[{"embeddable":true,"href":"https:\/\/cogitoworldeducation.org\/fr\/wp-json\/wp\/v2\/comments?post=10337"}],"version-history":[{"count":6,"href":"https:\/\/cogitoworldeducation.org\/fr\/wp-json\/wp\/v2\/pages\/10337\/revisions"}],"predecessor-version":[{"id":10575,"href":"https:\/\/cogitoworldeducation.org\/fr\/wp-json\/wp\/v2\/pages\/10337\/revisions\/10575"}],"wp:featuredmedia":[{"embeddable":true,"href":"https:\/\/cogitoworldeducation.org\/fr\/wp-json\/wp\/v2\/media\/6619"}],"wp:attachment":[{"href":"https:\/\/cogitoworldeducation.org\/fr\/wp-json\/wp\/v2\/media?parent=10337"}],"curies":[{"name":"wp","href":"https:\/\/api.w.org\/{rel}","templated":true}]}}