{"id":10459,"date":"2021-03-29T18:25:18","date_gmt":"2021-03-29T18:25:18","guid":{"rendered":"http:\/\/cogitoworldeducation.org\/best-high-schools-in-the-us\/"},"modified":"2021-06-10T16:50:36","modified_gmt":"2021-06-10T16:50:36","slug":"https-cogitoworldeducation-org-fr-meilleurs-lycees-aux-etats-unis","status":"publish","type":"page","link":"https:\/\/cogitoworldeducation.org\/fr\/https-cogitoworldeducation-org-fr-meilleurs-lycees-aux-etats-unis\/","title":{"rendered":"High School List"},"content":{"rendered":"","protected":false},"excerpt":{"rendered":"","protected":false},"author":1,"featured_media":0,"parent":0,"menu_order":78,"comment_status":"closed","ping_status":"closed","template":"templates\/page-high-school-usa.php","meta":{"_acf_changed":false,"content-type":"","inline_featured_image":false,"footnotes":""},"class_list":["post-10459","page","type-page","status-publish","hentry"],"acf":[],"yoast_head":"<!-- This site is optimized with the Yoast SEO plugin v25.0 - https:\/\/yoast.com\/wordpress\/plugins\/seo\/ -->\n<title>Liste des Meilleurs Lyc\u00e9es aux USA | Cogito World Education<\/title>\n<meta name=\"description\" content=\"Nous mettons en relation nos \u00e9tudiants avec les meilleures lyc\u00e9es aux USA. Avec l&#039;opportunit\u00e9 de d\u00e9crocher des bourses sportives, artistiques ou partielles\u00a0! Postulez avec Cogito et faites des \u00e9conomies !\" \/>\n<meta name=\"robots\" content=\"index, follow, max-snippet:-1, max-image-preview:large, max-video-preview:-1\" \/>\n<link rel=\"canonical\" href=\"https:\/\/cogitoworldeducation.org\/fr\/https-cogitoworldeducation-org-fr-meilleurs-lycees-aux-etats-unis\/\" \/>\n<meta property=\"og:locale\" content=\"fr_FR\" \/>\n<meta property=\"og:type\" content=\"article\" \/>\n<meta property=\"og:title\" content=\"Liste des Meilleurs Lyc\u00e9es aux USA | Cogito World Education\" \/>\n<meta property=\"og:description\" content=\"Nous mettons en relation nos \u00e9tudiants avec les meilleures lyc\u00e9es aux USA. Avec l&#039;opportunit\u00e9 de d\u00e9crocher des bourses sportives, artistiques ou partielles\u00a0! Postulez avec Cogito et faites des \u00e9conomies !\" \/>\n<meta property=\"og:url\" content=\"https:\/\/cogitoworldeducation.org\/fr\/https-cogitoworldeducation-org-fr-meilleurs-lycees-aux-etats-unis\/\" \/>\n<meta property=\"og:site_name\" content=\"Cogito\" \/>\n<meta property=\"article:modified_time\" content=\"2021-06-10T16:50:36+00:00\" \/>\n<meta name=\"twitter:card\" content=\"summary_large_image\" \/>\n<script type=\"application\/ld+json\" class=\"yoast-schema-graph\">{\"@context\":\"https:\/\/schema.org\",\"@graph\":[{\"@type\":\"WebPage\",\"@id\":\"https:\/\/cogitoworldeducation.org\/fr\/https-cogitoworldeducation-org-fr-meilleurs-lycees-aux-etats-unis\/\",\"url\":\"https:\/\/cogitoworldeducation.org\/fr\/https-cogitoworldeducation-org-fr-meilleurs-lycees-aux-etats-unis\/\",\"name\":\"Liste des Meilleurs Lyc\u00e9es aux USA | Cogito World Education\",\"isPartOf\":{\"@id\":\"https:\/\/cogitoworldeducation.org\/fr\/#website\"},\"datePublished\":\"2021-03-29T18:25:18+00:00\",\"dateModified\":\"2021-06-10T16:50:36+00:00\",\"description\":\"Nous mettons en relation nos \u00e9tudiants avec les meilleures lyc\u00e9es aux USA. Avec l'opportunit\u00e9 de d\u00e9crocher des bourses sportives, artistiques ou partielles\u00a0! Postulez avec Cogito et faites des \u00e9conomies !\",\"breadcrumb\":{\"@id\":\"https:\/\/cogitoworldeducation.org\/fr\/https-cogitoworldeducation-org-fr-meilleurs-lycees-aux-etats-unis\/#breadcrumb\"},\"inLanguage\":\"fr-FR\",\"potentialAction\":[{\"@type\":\"ReadAction\",\"target\":[\"https:\/\/cogitoworldeducation.org\/fr\/https-cogitoworldeducation-org-fr-meilleurs-lycees-aux-etats-unis\/\"]}]},{\"@type\":\"BreadcrumbList\",\"@id\":\"https:\/\/cogitoworldeducation.org\/fr\/https-cogitoworldeducation-org-fr-meilleurs-lycees-aux-etats-unis\/#breadcrumb\",\"itemListElement\":[{\"@type\":\"ListItem\",\"position\":1,\"name\":\"Home\",\"item\":\"https:\/\/cogitoworldeducation.org\/fr\/\"},{\"@type\":\"ListItem\",\"position\":2,\"name\":\"High School List\"}]},{\"@type\":\"WebSite\",\"@id\":\"https:\/\/cogitoworldeducation.org\/fr\/#website\",\"url\":\"https:\/\/cogitoworldeducation.org\/fr\/\",\"name\":\"Cogito\",\"description\":\"Just another WordPress site\",\"publisher\":{\"@id\":\"https:\/\/cogitoworldeducation.org\/fr\/#organization\"},\"potentialAction\":[{\"@type\":\"SearchAction\",\"target\":{\"@type\":\"EntryPoint\",\"urlTemplate\":\"https:\/\/cogitoworldeducation.org\/fr\/?s={search_term_string}\"},\"query-input\":{\"@type\":\"PropertyValueSpecification\",\"valueRequired\":true,\"valueName\":\"search_term_string\"}}],\"inLanguage\":\"fr-FR\"},{\"@type\":\"Organization\",\"@id\":\"https:\/\/cogitoworldeducation.org\/fr\/#organization\",\"name\":\"Cogito\",\"url\":\"https:\/\/cogitoworldeducation.org\/fr\/\",\"logo\":{\"@type\":\"ImageObject\",\"inLanguage\":\"fr-FR\",\"@id\":\"https:\/\/cogitoworldeducation.org\/fr\/#\/schema\/logo\/image\/\",\"url\":\"https:\/\/cogitoworldeducation.org\/wp-content\/uploads\/2021\/04\/Favicon-Cogito.png\",\"contentUrl\":\"https:\/\/cogitoworldeducation.org\/wp-content\/uploads\/2021\/04\/Favicon-Cogito.png\",\"width\":16,\"height\":16,\"caption\":\"Cogito\"},\"image\":{\"@id\":\"https:\/\/cogitoworldeducation.org\/fr\/#\/schema\/logo\/image\/\"}}]}<\/script>\n<!-- \/ Yoast SEO plugin. -->","yoast_head_json":{"title":"Liste des Meilleurs Lyc\u00e9es aux USA | Cogito World Education","description":"Nous mettons en relation nos \u00e9tudiants avec les meilleures lyc\u00e9es aux USA. Avec l'opportunit\u00e9 de d\u00e9crocher des bourses sportives, artistiques ou partielles\u00a0! Postulez avec Cogito et faites des \u00e9conomies !","robots":{"index":"index","follow":"follow","max-snippet":"max-snippet:-1","max-image-preview":"max-image-preview:large","max-video-preview":"max-video-preview:-1"},"canonical":"https:\/\/cogitoworldeducation.org\/fr\/https-cogitoworldeducation-org-fr-meilleurs-lycees-aux-etats-unis\/","og_locale":"fr_FR","og_type":"article","og_title":"Liste des Meilleurs Lyc\u00e9es aux USA | Cogito World Education","og_description":"Nous mettons en relation nos \u00e9tudiants avec les meilleures lyc\u00e9es aux USA. Avec l'opportunit\u00e9 de d\u00e9crocher des bourses sportives, artistiques ou partielles\u00a0! Postulez avec Cogito et faites des \u00e9conomies !","og_url":"https:\/\/cogitoworldeducation.org\/fr\/https-cogitoworldeducation-org-fr-meilleurs-lycees-aux-etats-unis\/","og_site_name":"Cogito","article_modified_time":"2021-06-10T16:50:36+00:00","twitter_card":"summary_large_image","schema":{"@context":"https:\/\/schema.org","@graph":[{"@type":"WebPage","@id":"https:\/\/cogitoworldeducation.org\/fr\/https-cogitoworldeducation-org-fr-meilleurs-lycees-aux-etats-unis\/","url":"https:\/\/cogitoworldeducation.org\/fr\/https-cogitoworldeducation-org-fr-meilleurs-lycees-aux-etats-unis\/","name":"Liste des Meilleurs Lyc\u00e9es aux USA | Cogito World Education","isPartOf":{"@id":"https:\/\/cogitoworldeducation.org\/fr\/#website"},"datePublished":"2021-03-29T18:25:18+00:00","dateModified":"2021-06-10T16:50:36+00:00","description":"Nous mettons en relation nos \u00e9tudiants avec les meilleures lyc\u00e9es aux USA. Avec l'opportunit\u00e9 de d\u00e9crocher des bourses sportives, artistiques ou partielles\u00a0! Postulez avec Cogito et faites des \u00e9conomies !","breadcrumb":{"@id":"https:\/\/cogitoworldeducation.org\/fr\/https-cogitoworldeducation-org-fr-meilleurs-lycees-aux-etats-unis\/#breadcrumb"},"inLanguage":"fr-FR","potentialAction":[{"@type":"ReadAction","target":["https:\/\/cogitoworldeducation.org\/fr\/https-cogitoworldeducation-org-fr-meilleurs-lycees-aux-etats-unis\/"]}]},{"@type":"BreadcrumbList","@id":"https:\/\/cogitoworldeducation.org\/fr\/https-cogitoworldeducation-org-fr-meilleurs-lycees-aux-etats-unis\/#breadcrumb","itemListElement":[{"@type":"ListItem","position":1,"name":"Home","item":"https:\/\/cogitoworldeducation.org\/fr\/"},{"@type":"ListItem","position":2,"name":"High School List"}]},{"@type":"WebSite","@id":"https:\/\/cogitoworldeducation.org\/fr\/#website","url":"https:\/\/cogitoworldeducation.org\/fr\/","name":"Cogito","description":"Just another WordPress site","publisher":{"@id":"https:\/\/cogitoworldeducation.org\/fr\/#organization"},"potentialAction":[{"@type":"SearchAction","target":{"@type":"EntryPoint","urlTemplate":"https:\/\/cogitoworldeducation.org\/fr\/?s={search_term_string}"},"query-input":{"@type":"PropertyValueSpecification","valueRequired":true,"valueName":"search_term_string"}}],"inLanguage":"fr-FR"},{"@type":"Organization","@id":"https:\/\/cogitoworldeducation.org\/fr\/#organization","name":"Cogito","url":"https:\/\/cogitoworldeducation.org\/fr\/","logo":{"@type":"ImageObject","inLanguage":"fr-FR","@id":"https:\/\/cogitoworldeducation.org\/fr\/#\/schema\/logo\/image\/","url":"https:\/\/cogitoworldeducation.org\/wp-content\/uploads\/2021\/04\/Favicon-Cogito.png","contentUrl":"https:\/\/cogitoworldeducation.org\/wp-content\/uploads\/2021\/04\/Favicon-Cogito.png","width":16,"height":16,"caption":"Cogito"},"image":{"@id":"https:\/\/cogitoworldeducation.org\/fr\/#\/schema\/logo\/image\/"}}]}},"_links":{"self":[{"href":"https:\/\/cogitoworldeducation.org\/fr\/wp-json\/wp\/v2\/pages\/10459","targetHints":{"allow":["GET"]}}],"collection":[{"href":"https:\/\/cogitoworldeducation.org\/fr\/wp-json\/wp\/v2\/pages"}],"about":[{"href":"https:\/\/cogitoworldeducation.org\/fr\/wp-json\/wp\/v2\/types\/page"}],"author":[{"embeddable":true,"href":"https:\/\/cogitoworldeducation.org\/fr\/wp-json\/wp\/v2\/users\/1"}],"replies":[{"embeddable":true,"href":"https:\/\/cogitoworldeducation.org\/fr\/wp-json\/wp\/v2\/comments?post=10459"}],"version-history":[{"count":3,"href":"https:\/\/cogitoworldeducation.org\/fr\/wp-json\/wp\/v2\/pages\/10459\/revisions"}],"predecessor-version":[{"id":10465,"href":"https:\/\/cogitoworldeducation.org\/fr\/wp-json\/wp\/v2\/pages\/10459\/revisions\/10465"}],"wp:attachment":[{"href":"https:\/\/cogitoworldeducation.org\/fr\/wp-json\/wp\/v2\/media?parent=10459"}],"curies":[{"name":"wp","href":"https:\/\/api.w.org\/{rel}","templated":true}]}}