{"id":3561,"date":"2021-03-29T18:33:15","date_gmt":"2021-03-29T18:33:15","guid":{"rendered":"http:\/\/cogitoworldeducation.org\/universities-in-usa-for-international-students\/"},"modified":"2021-06-10T17:28:53","modified_gmt":"2021-06-10T17:28:53","slug":"liste-universites-us-et-canada","status":"publish","type":"page","link":"https:\/\/cogitoworldeducation.org\/fr\/liste-universites-us-et-canada\/","title":{"rendered":"University List"},"content":{"rendered":"","protected":false},"excerpt":{"rendered":"","protected":false},"author":1,"featured_media":0,"parent":0,"menu_order":64,"comment_status":"closed","ping_status":"closed","template":"templates\/page-university-list.php","meta":{"_acf_changed":false,"content-type":"","inline_featured_image":false,"footnotes":""},"class_list":["post-3561","page","type-page","status-publish","hentry"],"acf":[],"yoast_head":"<!-- This site is optimized with the Yoast SEO plugin v25.0 - https:\/\/yoast.com\/wordpress\/plugins\/seo\/ -->\n<title>Liste Universit\u00e9s US et Canada | Cogito World Education<\/title>\n<meta name=\"description\" content=\"D\u00e9couvrez les meilleures universit\u00e9s des US et du Canada. Cogito conseille aux \u00e9tudiants de postuler dans des universit\u00e9s prestigieuses les aides \u00e0 obtenir des bourses partielles.\" \/>\n<meta name=\"robots\" content=\"index, follow, max-snippet:-1, max-image-preview:large, max-video-preview:-1\" \/>\n<link rel=\"canonical\" href=\"https:\/\/cogitoworldeducation.org\/fr\/liste-universites-us-et-canada\/\" \/>\n<meta property=\"og:locale\" content=\"fr_FR\" \/>\n<meta property=\"og:type\" content=\"article\" \/>\n<meta property=\"og:title\" content=\"Liste Universit\u00e9s US et Canada | Cogito World Education\" \/>\n<meta property=\"og:description\" content=\"D\u00e9couvrez les meilleures universit\u00e9s des US et du Canada. Cogito conseille aux \u00e9tudiants de postuler dans des universit\u00e9s prestigieuses les aides \u00e0 obtenir des bourses partielles.\" \/>\n<meta property=\"og:url\" content=\"https:\/\/cogitoworldeducation.org\/fr\/liste-universites-us-et-canada\/\" \/>\n<meta property=\"og:site_name\" content=\"Cogito\" \/>\n<meta property=\"article:modified_time\" content=\"2021-06-10T17:28:53+00:00\" \/>\n<meta name=\"twitter:card\" content=\"summary_large_image\" \/>\n<script type=\"application\/ld+json\" class=\"yoast-schema-graph\">{\"@context\":\"https:\/\/schema.org\",\"@graph\":[{\"@type\":\"WebPage\",\"@id\":\"https:\/\/cogitoworldeducation.org\/fr\/liste-universites-us-et-canada\/\",\"url\":\"https:\/\/cogitoworldeducation.org\/fr\/liste-universites-us-et-canada\/\",\"name\":\"Liste Universit\u00e9s US et Canada | Cogito World Education\",\"isPartOf\":{\"@id\":\"https:\/\/cogitoworldeducation.org\/fr\/#website\"},\"datePublished\":\"2021-03-29T18:33:15+00:00\",\"dateModified\":\"2021-06-10T17:28:53+00:00\",\"description\":\"D\u00e9couvrez les meilleures universit\u00e9s des US et du Canada. Cogito conseille aux \u00e9tudiants de postuler dans des universit\u00e9s prestigieuses les aides \u00e0 obtenir des bourses partielles.\",\"breadcrumb\":{\"@id\":\"https:\/\/cogitoworldeducation.org\/fr\/liste-universites-us-et-canada\/#breadcrumb\"},\"inLanguage\":\"fr-FR\",\"potentialAction\":[{\"@type\":\"ReadAction\",\"target\":[\"https:\/\/cogitoworldeducation.org\/fr\/liste-universites-us-et-canada\/\"]}]},{\"@type\":\"BreadcrumbList\",\"@id\":\"https:\/\/cogitoworldeducation.org\/fr\/liste-universites-us-et-canada\/#breadcrumb\",\"itemListElement\":[{\"@type\":\"ListItem\",\"position\":1,\"name\":\"Home\",\"item\":\"http:\/\/cogitoworldeducation.org\/fr\/\"},{\"@type\":\"ListItem\",\"position\":2,\"name\":\"University List\"}]},{\"@type\":\"WebSite\",\"@id\":\"https:\/\/cogitoworldeducation.org\/fr\/#website\",\"url\":\"https:\/\/cogitoworldeducation.org\/fr\/\",\"name\":\"Cogito\",\"description\":\"Just another WordPress site\",\"publisher\":{\"@id\":\"https:\/\/cogitoworldeducation.org\/fr\/#organization\"},\"potentialAction\":[{\"@type\":\"SearchAction\",\"target\":{\"@type\":\"EntryPoint\",\"urlTemplate\":\"https:\/\/cogitoworldeducation.org\/fr\/?s={search_term_string}\"},\"query-input\":{\"@type\":\"PropertyValueSpecification\",\"valueRequired\":true,\"valueName\":\"search_term_string\"}}],\"inLanguage\":\"fr-FR\"},{\"@type\":\"Organization\",\"@id\":\"https:\/\/cogitoworldeducation.org\/fr\/#organization\",\"name\":\"Cogito\",\"url\":\"https:\/\/cogitoworldeducation.org\/fr\/\",\"logo\":{\"@type\":\"ImageObject\",\"inLanguage\":\"fr-FR\",\"@id\":\"https:\/\/cogitoworldeducation.org\/fr\/#\/schema\/logo\/image\/\",\"url\":\"https:\/\/cogitoworldeducation.org\/wp-content\/uploads\/2021\/04\/Favicon-Cogito.png\",\"contentUrl\":\"https:\/\/cogitoworldeducation.org\/wp-content\/uploads\/2021\/04\/Favicon-Cogito.png\",\"width\":16,\"height\":16,\"caption\":\"Cogito\"},\"image\":{\"@id\":\"https:\/\/cogitoworldeducation.org\/fr\/#\/schema\/logo\/image\/\"}}]}<\/script>\n<!-- \/ Yoast SEO plugin. -->","yoast_head_json":{"title":"Liste Universit\u00e9s US et Canada | Cogito World Education","description":"D\u00e9couvrez les meilleures universit\u00e9s des US et du Canada. Cogito conseille aux \u00e9tudiants de postuler dans des universit\u00e9s prestigieuses les aides \u00e0 obtenir des bourses partielles.","robots":{"index":"index","follow":"follow","max-snippet":"max-snippet:-1","max-image-preview":"max-image-preview:large","max-video-preview":"max-video-preview:-1"},"canonical":"https:\/\/cogitoworldeducation.org\/fr\/liste-universites-us-et-canada\/","og_locale":"fr_FR","og_type":"article","og_title":"Liste Universit\u00e9s US et Canada | Cogito World Education","og_description":"D\u00e9couvrez les meilleures universit\u00e9s des US et du Canada. Cogito conseille aux \u00e9tudiants de postuler dans des universit\u00e9s prestigieuses les aides \u00e0 obtenir des bourses partielles.","og_url":"https:\/\/cogitoworldeducation.org\/fr\/liste-universites-us-et-canada\/","og_site_name":"Cogito","article_modified_time":"2021-06-10T17:28:53+00:00","twitter_card":"summary_large_image","schema":{"@context":"https:\/\/schema.org","@graph":[{"@type":"WebPage","@id":"https:\/\/cogitoworldeducation.org\/fr\/liste-universites-us-et-canada\/","url":"https:\/\/cogitoworldeducation.org\/fr\/liste-universites-us-et-canada\/","name":"Liste Universit\u00e9s US et Canada | Cogito World Education","isPartOf":{"@id":"https:\/\/cogitoworldeducation.org\/fr\/#website"},"datePublished":"2021-03-29T18:33:15+00:00","dateModified":"2021-06-10T17:28:53+00:00","description":"D\u00e9couvrez les meilleures universit\u00e9s des US et du Canada. Cogito conseille aux \u00e9tudiants de postuler dans des universit\u00e9s prestigieuses les aides \u00e0 obtenir des bourses partielles.","breadcrumb":{"@id":"https:\/\/cogitoworldeducation.org\/fr\/liste-universites-us-et-canada\/#breadcrumb"},"inLanguage":"fr-FR","potentialAction":[{"@type":"ReadAction","target":["https:\/\/cogitoworldeducation.org\/fr\/liste-universites-us-et-canada\/"]}]},{"@type":"BreadcrumbList","@id":"https:\/\/cogitoworldeducation.org\/fr\/liste-universites-us-et-canada\/#breadcrumb","itemListElement":[{"@type":"ListItem","position":1,"name":"Home","item":"http:\/\/cogitoworldeducation.org\/fr\/"},{"@type":"ListItem","position":2,"name":"University List"}]},{"@type":"WebSite","@id":"https:\/\/cogitoworldeducation.org\/fr\/#website","url":"https:\/\/cogitoworldeducation.org\/fr\/","name":"Cogito","description":"Just another WordPress site","publisher":{"@id":"https:\/\/cogitoworldeducation.org\/fr\/#organization"},"potentialAction":[{"@type":"SearchAction","target":{"@type":"EntryPoint","urlTemplate":"https:\/\/cogitoworldeducation.org\/fr\/?s={search_term_string}"},"query-input":{"@type":"PropertyValueSpecification","valueRequired":true,"valueName":"search_term_string"}}],"inLanguage":"fr-FR"},{"@type":"Organization","@id":"https:\/\/cogitoworldeducation.org\/fr\/#organization","name":"Cogito","url":"https:\/\/cogitoworldeducation.org\/fr\/","logo":{"@type":"ImageObject","inLanguage":"fr-FR","@id":"https:\/\/cogitoworldeducation.org\/fr\/#\/schema\/logo\/image\/","url":"https:\/\/cogitoworldeducation.org\/wp-content\/uploads\/2021\/04\/Favicon-Cogito.png","contentUrl":"https:\/\/cogitoworldeducation.org\/wp-content\/uploads\/2021\/04\/Favicon-Cogito.png","width":16,"height":16,"caption":"Cogito"},"image":{"@id":"https:\/\/cogitoworldeducation.org\/fr\/#\/schema\/logo\/image\/"}}]}},"_links":{"self":[{"href":"https:\/\/cogitoworldeducation.org\/fr\/wp-json\/wp\/v2\/pages\/3561","targetHints":{"allow":["GET"]}}],"collection":[{"href":"https:\/\/cogitoworldeducation.org\/fr\/wp-json\/wp\/v2\/pages"}],"about":[{"href":"https:\/\/cogitoworldeducation.org\/fr\/wp-json\/wp\/v2\/types\/page"}],"author":[{"embeddable":true,"href":"https:\/\/cogitoworldeducation.org\/fr\/wp-json\/wp\/v2\/users\/1"}],"replies":[{"embeddable":true,"href":"https:\/\/cogitoworldeducation.org\/fr\/wp-json\/wp\/v2\/comments?post=3561"}],"version-history":[{"count":4,"href":"https:\/\/cogitoworldeducation.org\/fr\/wp-json\/wp\/v2\/pages\/3561\/revisions"}],"predecessor-version":[{"id":10477,"href":"https:\/\/cogitoworldeducation.org\/fr\/wp-json\/wp\/v2\/pages\/3561\/revisions\/10477"}],"wp:attachment":[{"href":"https:\/\/cogitoworldeducation.org\/fr\/wp-json\/wp\/v2\/media?parent=3561"}],"curies":[{"name":"wp","href":"https:\/\/api.w.org\/{rel}","templated":true}]}}