{"id":12840,"date":"2021-04-27T11:46:28","date_gmt":"2021-04-27T11:46:28","guid":{"rendered":"https:\/\/cogitoworldeducation.org\/university-program\/"},"modified":"2021-07-08T20:32:19","modified_gmt":"2021-07-08T20:32:19","slug":"studia-w-usa-kanada","status":"publish","type":"page","link":"https:\/\/cogitoworldeducation.org\/pl\/studia-w-usa-kanada\/","title":{"rendered":"University Program"},"content":{"rendered":"","protected":false},"excerpt":{"rendered":"","protected":false},"author":1,"featured_media":0,"parent":0,"menu_order":40,"comment_status":"closed","ping_status":"closed","template":"templates\/page-universities-program.php","meta":{"_acf_changed":false,"content-type":"","inline_featured_image":false,"footnotes":""},"class_list":["post-12840","page","type-page","status-publish","hentry"],"acf":[],"yoast_head":"<!-- This site is optimized with the Yoast SEO plugin v25.0 - https:\/\/yoast.com\/wordpress\/plugins\/seo\/ -->\n<title>Uniwersytety w USA i Kanada I Cogito World Education<\/title>\n<meta name=\"description\" content=\"Chcesz studiowa\u0107 w USA lub Kanadzie? Pomo\u017cemy Ci znale\u017a\u0107 najlepsze uniwersytety dla student\u00f3w zagranicznych i zapewni\u0107 cz\u0119\u015bciowe stypendia. Skontaktuj si\u0119 z nami!\" \/>\n<meta name=\"robots\" content=\"index, follow, max-snippet:-1, max-image-preview:large, max-video-preview:-1\" \/>\n<link rel=\"canonical\" href=\"https:\/\/cogitoworldeducation.org\/pl\/studia-w-usa-kanada\/\" \/>\n<meta property=\"og:locale\" content=\"pl_PL\" \/>\n<meta property=\"og:type\" content=\"article\" \/>\n<meta property=\"og:title\" content=\"Uniwersytety w USA i Kanada I Cogito World Education\" \/>\n<meta property=\"og:description\" content=\"Chcesz studiowa\u0107 w USA lub Kanadzie? Pomo\u017cemy Ci znale\u017a\u0107 najlepsze uniwersytety dla student\u00f3w zagranicznych i zapewni\u0107 cz\u0119\u015bciowe stypendia. Skontaktuj si\u0119 z nami!\" \/>\n<meta property=\"og:url\" content=\"https:\/\/cogitoworldeducation.org\/pl\/studia-w-usa-kanada\/\" \/>\n<meta property=\"og:site_name\" content=\"Cogito\" \/>\n<meta property=\"article:modified_time\" content=\"2021-07-08T20:32:19+00:00\" \/>\n<meta name=\"twitter:card\" content=\"summary_large_image\" \/>\n<script type=\"application\/ld+json\" class=\"yoast-schema-graph\">{\"@context\":\"https:\/\/schema.org\",\"@graph\":[{\"@type\":\"WebPage\",\"@id\":\"https:\/\/cogitoworldeducation.org\/pl\/studia-w-usa-kanada\/\",\"url\":\"https:\/\/cogitoworldeducation.org\/pl\/studia-w-usa-kanada\/\",\"name\":\"Uniwersytety w USA i Kanada I Cogito World Education\",\"isPartOf\":{\"@id\":\"http:\/\/cogitoworldeducation.org\/pl\/#website\"},\"datePublished\":\"2021-04-27T11:46:28+00:00\",\"dateModified\":\"2021-07-08T20:32:19+00:00\",\"description\":\"Chcesz studiowa\u0107 w USA lub Kanadzie? Pomo\u017cemy Ci znale\u017a\u0107 najlepsze uniwersytety dla student\u00f3w zagranicznych i zapewni\u0107 cz\u0119\u015bciowe stypendia. Skontaktuj si\u0119 z nami!\",\"breadcrumb\":{\"@id\":\"https:\/\/cogitoworldeducation.org\/pl\/studia-w-usa-kanada\/#breadcrumb\"},\"inLanguage\":\"pl-PL\",\"potentialAction\":[{\"@type\":\"ReadAction\",\"target\":[\"https:\/\/cogitoworldeducation.org\/pl\/studia-w-usa-kanada\/\"]}]},{\"@type\":\"BreadcrumbList\",\"@id\":\"https:\/\/cogitoworldeducation.org\/pl\/studia-w-usa-kanada\/#breadcrumb\",\"itemListElement\":[{\"@type\":\"ListItem\",\"position\":1,\"name\":\"Home\",\"item\":\"http:\/\/cogitoworldeducation.org\/pl\/\"},{\"@type\":\"ListItem\",\"position\":2,\"name\":\"University Program\"}]},{\"@type\":\"WebSite\",\"@id\":\"http:\/\/cogitoworldeducation.org\/pl\/#website\",\"url\":\"http:\/\/cogitoworldeducation.org\/pl\/\",\"name\":\"Cogito\",\"description\":\"Just another WordPress site\",\"publisher\":{\"@id\":\"http:\/\/cogitoworldeducation.org\/pl\/#organization\"},\"potentialAction\":[{\"@type\":\"SearchAction\",\"target\":{\"@type\":\"EntryPoint\",\"urlTemplate\":\"http:\/\/cogitoworldeducation.org\/pl\/?s={search_term_string}\"},\"query-input\":{\"@type\":\"PropertyValueSpecification\",\"valueRequired\":true,\"valueName\":\"search_term_string\"}}],\"inLanguage\":\"pl-PL\"},{\"@type\":\"Organization\",\"@id\":\"http:\/\/cogitoworldeducation.org\/pl\/#organization\",\"name\":\"Cogito\",\"url\":\"http:\/\/cogitoworldeducation.org\/pl\/\",\"logo\":{\"@type\":\"ImageObject\",\"inLanguage\":\"pl-PL\",\"@id\":\"http:\/\/cogitoworldeducation.org\/pl\/#\/schema\/logo\/image\/\",\"url\":\"https:\/\/cogitoworldeducation.org\/wp-content\/uploads\/2021\/04\/Favicon-Cogito.png\",\"contentUrl\":\"https:\/\/cogitoworldeducation.org\/wp-content\/uploads\/2021\/04\/Favicon-Cogito.png\",\"width\":16,\"height\":16,\"caption\":\"Cogito\"},\"image\":{\"@id\":\"http:\/\/cogitoworldeducation.org\/pl\/#\/schema\/logo\/image\/\"}}]}<\/script>\n<!-- \/ Yoast SEO plugin. -->","yoast_head_json":{"title":"Uniwersytety w USA i Kanada I Cogito World Education","description":"Chcesz studiowa\u0107 w USA lub Kanadzie? Pomo\u017cemy Ci znale\u017a\u0107 najlepsze uniwersytety dla student\u00f3w zagranicznych i zapewni\u0107 cz\u0119\u015bciowe stypendia. Skontaktuj si\u0119 z nami!","robots":{"index":"index","follow":"follow","max-snippet":"max-snippet:-1","max-image-preview":"max-image-preview:large","max-video-preview":"max-video-preview:-1"},"canonical":"https:\/\/cogitoworldeducation.org\/pl\/studia-w-usa-kanada\/","og_locale":"pl_PL","og_type":"article","og_title":"Uniwersytety w USA i Kanada I Cogito World Education","og_description":"Chcesz studiowa\u0107 w USA lub Kanadzie? Pomo\u017cemy Ci znale\u017a\u0107 najlepsze uniwersytety dla student\u00f3w zagranicznych i zapewni\u0107 cz\u0119\u015bciowe stypendia. Skontaktuj si\u0119 z nami!","og_url":"https:\/\/cogitoworldeducation.org\/pl\/studia-w-usa-kanada\/","og_site_name":"Cogito","article_modified_time":"2021-07-08T20:32:19+00:00","twitter_card":"summary_large_image","schema":{"@context":"https:\/\/schema.org","@graph":[{"@type":"WebPage","@id":"https:\/\/cogitoworldeducation.org\/pl\/studia-w-usa-kanada\/","url":"https:\/\/cogitoworldeducation.org\/pl\/studia-w-usa-kanada\/","name":"Uniwersytety w USA i Kanada I Cogito World Education","isPartOf":{"@id":"http:\/\/cogitoworldeducation.org\/pl\/#website"},"datePublished":"2021-04-27T11:46:28+00:00","dateModified":"2021-07-08T20:32:19+00:00","description":"Chcesz studiowa\u0107 w USA lub Kanadzie? Pomo\u017cemy Ci znale\u017a\u0107 najlepsze uniwersytety dla student\u00f3w zagranicznych i zapewni\u0107 cz\u0119\u015bciowe stypendia. Skontaktuj si\u0119 z nami!","breadcrumb":{"@id":"https:\/\/cogitoworldeducation.org\/pl\/studia-w-usa-kanada\/#breadcrumb"},"inLanguage":"pl-PL","potentialAction":[{"@type":"ReadAction","target":["https:\/\/cogitoworldeducation.org\/pl\/studia-w-usa-kanada\/"]}]},{"@type":"BreadcrumbList","@id":"https:\/\/cogitoworldeducation.org\/pl\/studia-w-usa-kanada\/#breadcrumb","itemListElement":[{"@type":"ListItem","position":1,"name":"Home","item":"http:\/\/cogitoworldeducation.org\/pl\/"},{"@type":"ListItem","position":2,"name":"University Program"}]},{"@type":"WebSite","@id":"http:\/\/cogitoworldeducation.org\/pl\/#website","url":"http:\/\/cogitoworldeducation.org\/pl\/","name":"Cogito","description":"Just another WordPress site","publisher":{"@id":"http:\/\/cogitoworldeducation.org\/pl\/#organization"},"potentialAction":[{"@type":"SearchAction","target":{"@type":"EntryPoint","urlTemplate":"http:\/\/cogitoworldeducation.org\/pl\/?s={search_term_string}"},"query-input":{"@type":"PropertyValueSpecification","valueRequired":true,"valueName":"search_term_string"}}],"inLanguage":"pl-PL"},{"@type":"Organization","@id":"http:\/\/cogitoworldeducation.org\/pl\/#organization","name":"Cogito","url":"http:\/\/cogitoworldeducation.org\/pl\/","logo":{"@type":"ImageObject","inLanguage":"pl-PL","@id":"http:\/\/cogitoworldeducation.org\/pl\/#\/schema\/logo\/image\/","url":"https:\/\/cogitoworldeducation.org\/wp-content\/uploads\/2021\/04\/Favicon-Cogito.png","contentUrl":"https:\/\/cogitoworldeducation.org\/wp-content\/uploads\/2021\/04\/Favicon-Cogito.png","width":16,"height":16,"caption":"Cogito"},"image":{"@id":"http:\/\/cogitoworldeducation.org\/pl\/#\/schema\/logo\/image\/"}}]}},"_links":{"self":[{"href":"https:\/\/cogitoworldeducation.org\/pl\/wp-json\/wp\/v2\/pages\/12840","targetHints":{"allow":["GET"]}}],"collection":[{"href":"https:\/\/cogitoworldeducation.org\/pl\/wp-json\/wp\/v2\/pages"}],"about":[{"href":"https:\/\/cogitoworldeducation.org\/pl\/wp-json\/wp\/v2\/types\/page"}],"author":[{"embeddable":true,"href":"https:\/\/cogitoworldeducation.org\/pl\/wp-json\/wp\/v2\/users\/1"}],"replies":[{"embeddable":true,"href":"https:\/\/cogitoworldeducation.org\/pl\/wp-json\/wp\/v2\/comments?post=12840"}],"version-history":[{"count":5,"href":"https:\/\/cogitoworldeducation.org\/pl\/wp-json\/wp\/v2\/pages\/12840\/revisions"}],"predecessor-version":[{"id":12974,"href":"https:\/\/cogitoworldeducation.org\/pl\/wp-json\/wp\/v2\/pages\/12840\/revisions\/12974"}],"wp:attachment":[{"href":"https:\/\/cogitoworldeducation.org\/pl\/wp-json\/wp\/v2\/media?parent=12840"}],"curies":[{"name":"wp","href":"https:\/\/api.w.org\/{rel}","templated":true}]}}