{"id":12853,"date":"2021-04-27T17:33:23","date_gmt":"2021-04-27T17:33:23","guid":{"rendered":"https:\/\/cogitoworldeducation.org\/3-week-english-language-summer-camp-at-harvard-sq\/"},"modified":"2021-07-16T20:15:15","modified_gmt":"2021-07-16T20:15:15","slug":"oboz-jezyka-angielskiego-w-usa-harvard-sq-mit","status":"publish","type":"page","link":"https:\/\/cogitoworldeducation.org\/pl\/oboz-jezyka-angielskiego-w-usa-harvard-sq-mit\/","title":{"rendered":"ESL Summer English Program"},"content":{"rendered":"","protected":false},"excerpt":{"rendered":"","protected":false},"author":1,"featured_media":0,"parent":0,"menu_order":0,"comment_status":"closed","ping_status":"closed","template":"templates\/page-esl-summer-english-program.php.php","meta":{"_acf_changed":false,"content-type":"","inline_featured_image":false,"footnotes":""},"class_list":["post-12853","page","type-page","status-publish","hentry"],"acf":[],"yoast_head":"<!-- This site is optimized with the Yoast SEO plugin v25.0 - https:\/\/yoast.com\/wordpress\/plugins\/seo\/ -->\n<title>Letni Ob\u00f3z J\u0119zyka Angielskiego USA I Cogito World Education<\/title>\n<meta name=\"description\" content=\"Do\u0142\u0105cz do najlepszego letniego obozu j\u0119zyka angielskiego w USA, zlokalizowanego w Bostonie: Harvard Square i MIT z weekendow\u0105 wycieczk\u0105 do Nowego Jorku. Dla uczni\u00f3w w wieku 13-18 lat!\" \/>\n<meta name=\"robots\" content=\"index, follow, max-snippet:-1, max-image-preview:large, max-video-preview:-1\" \/>\n<link rel=\"canonical\" href=\"https:\/\/cogitoworldeducation.org\/pl\/oboz-jezyka-angielskiego-w-usa-harvard-sq-mit\/\" \/>\n<meta property=\"og:locale\" content=\"pl_PL\" \/>\n<meta property=\"og:type\" content=\"article\" \/>\n<meta property=\"og:title\" content=\"Letni Ob\u00f3z J\u0119zyka Angielskiego USA I Cogito World Education\" \/>\n<meta property=\"og:description\" content=\"Do\u0142\u0105cz do najlepszego letniego obozu j\u0119zyka angielskiego w USA, zlokalizowanego w Bostonie: Harvard Square i MIT z weekendow\u0105 wycieczk\u0105 do Nowego Jorku. Dla uczni\u00f3w w wieku 13-18 lat!\" \/>\n<meta property=\"og:url\" content=\"https:\/\/cogitoworldeducation.org\/pl\/oboz-jezyka-angielskiego-w-usa-harvard-sq-mit\/\" \/>\n<meta property=\"og:site_name\" content=\"Cogito\" \/>\n<meta property=\"article:modified_time\" content=\"2021-07-16T20:15:15+00:00\" \/>\n<meta name=\"twitter:card\" content=\"summary_large_image\" \/>\n<script type=\"application\/ld+json\" class=\"yoast-schema-graph\">{\"@context\":\"https:\/\/schema.org\",\"@graph\":[{\"@type\":\"WebPage\",\"@id\":\"https:\/\/cogitoworldeducation.org\/pl\/oboz-jezyka-angielskiego-w-usa-harvard-sq-mit\/\",\"url\":\"https:\/\/cogitoworldeducation.org\/pl\/oboz-jezyka-angielskiego-w-usa-harvard-sq-mit\/\",\"name\":\"Letni Ob\u00f3z J\u0119zyka Angielskiego USA I Cogito World Education\",\"isPartOf\":{\"@id\":\"https:\/\/cogitoworldeducation.org\/pl\/#website\"},\"datePublished\":\"2021-04-27T17:33:23+00:00\",\"dateModified\":\"2021-07-16T20:15:15+00:00\",\"description\":\"Do\u0142\u0105cz do najlepszego letniego obozu j\u0119zyka angielskiego w USA, zlokalizowanego w Bostonie: Harvard Square i MIT z weekendow\u0105 wycieczk\u0105 do Nowego Jorku. Dla uczni\u00f3w w wieku 13-18 lat!\",\"breadcrumb\":{\"@id\":\"https:\/\/cogitoworldeducation.org\/pl\/oboz-jezyka-angielskiego-w-usa-harvard-sq-mit\/#breadcrumb\"},\"inLanguage\":\"pl-PL\",\"potentialAction\":[{\"@type\":\"ReadAction\",\"target\":[\"https:\/\/cogitoworldeducation.org\/pl\/oboz-jezyka-angielskiego-w-usa-harvard-sq-mit\/\"]}]},{\"@type\":\"BreadcrumbList\",\"@id\":\"https:\/\/cogitoworldeducation.org\/pl\/oboz-jezyka-angielskiego-w-usa-harvard-sq-mit\/#breadcrumb\",\"itemListElement\":[{\"@type\":\"ListItem\",\"position\":1,\"name\":\"Home\",\"item\":\"http:\/\/cogitoworldeducation.org\/pl\/\"},{\"@type\":\"ListItem\",\"position\":2,\"name\":\"ESL Summer English Program\"}]},{\"@type\":\"WebSite\",\"@id\":\"https:\/\/cogitoworldeducation.org\/pl\/#website\",\"url\":\"https:\/\/cogitoworldeducation.org\/pl\/\",\"name\":\"Cogito\",\"description\":\"Just another WordPress site\",\"publisher\":{\"@id\":\"https:\/\/cogitoworldeducation.org\/pl\/#organization\"},\"potentialAction\":[{\"@type\":\"SearchAction\",\"target\":{\"@type\":\"EntryPoint\",\"urlTemplate\":\"https:\/\/cogitoworldeducation.org\/pl\/?s={search_term_string}\"},\"query-input\":{\"@type\":\"PropertyValueSpecification\",\"valueRequired\":true,\"valueName\":\"search_term_string\"}}],\"inLanguage\":\"pl-PL\"},{\"@type\":\"Organization\",\"@id\":\"https:\/\/cogitoworldeducation.org\/pl\/#organization\",\"name\":\"Cogito\",\"url\":\"https:\/\/cogitoworldeducation.org\/pl\/\",\"logo\":{\"@type\":\"ImageObject\",\"inLanguage\":\"pl-PL\",\"@id\":\"https:\/\/cogitoworldeducation.org\/pl\/#\/schema\/logo\/image\/\",\"url\":\"https:\/\/cogitoworldeducation.org\/wp-content\/uploads\/2021\/04\/Favicon-Cogito.png\",\"contentUrl\":\"https:\/\/cogitoworldeducation.org\/wp-content\/uploads\/2021\/04\/Favicon-Cogito.png\",\"width\":16,\"height\":16,\"caption\":\"Cogito\"},\"image\":{\"@id\":\"https:\/\/cogitoworldeducation.org\/pl\/#\/schema\/logo\/image\/\"}}]}<\/script>\n<!-- \/ Yoast SEO plugin. -->","yoast_head_json":{"title":"Letni Ob\u00f3z J\u0119zyka Angielskiego USA I Cogito World Education","description":"Do\u0142\u0105cz do najlepszego letniego obozu j\u0119zyka angielskiego w USA, zlokalizowanego w Bostonie: Harvard Square i MIT z weekendow\u0105 wycieczk\u0105 do Nowego Jorku. Dla uczni\u00f3w w wieku 13-18 lat!","robots":{"index":"index","follow":"follow","max-snippet":"max-snippet:-1","max-image-preview":"max-image-preview:large","max-video-preview":"max-video-preview:-1"},"canonical":"https:\/\/cogitoworldeducation.org\/pl\/oboz-jezyka-angielskiego-w-usa-harvard-sq-mit\/","og_locale":"pl_PL","og_type":"article","og_title":"Letni Ob\u00f3z J\u0119zyka Angielskiego USA I Cogito World Education","og_description":"Do\u0142\u0105cz do najlepszego letniego obozu j\u0119zyka angielskiego w USA, zlokalizowanego w Bostonie: Harvard Square i MIT z weekendow\u0105 wycieczk\u0105 do Nowego Jorku. Dla uczni\u00f3w w wieku 13-18 lat!","og_url":"https:\/\/cogitoworldeducation.org\/pl\/oboz-jezyka-angielskiego-w-usa-harvard-sq-mit\/","og_site_name":"Cogito","article_modified_time":"2021-07-16T20:15:15+00:00","twitter_card":"summary_large_image","schema":{"@context":"https:\/\/schema.org","@graph":[{"@type":"WebPage","@id":"https:\/\/cogitoworldeducation.org\/pl\/oboz-jezyka-angielskiego-w-usa-harvard-sq-mit\/","url":"https:\/\/cogitoworldeducation.org\/pl\/oboz-jezyka-angielskiego-w-usa-harvard-sq-mit\/","name":"Letni Ob\u00f3z J\u0119zyka Angielskiego USA I Cogito World Education","isPartOf":{"@id":"https:\/\/cogitoworldeducation.org\/pl\/#website"},"datePublished":"2021-04-27T17:33:23+00:00","dateModified":"2021-07-16T20:15:15+00:00","description":"Do\u0142\u0105cz do najlepszego letniego obozu j\u0119zyka angielskiego w USA, zlokalizowanego w Bostonie: Harvard Square i MIT z weekendow\u0105 wycieczk\u0105 do Nowego Jorku. Dla uczni\u00f3w w wieku 13-18 lat!","breadcrumb":{"@id":"https:\/\/cogitoworldeducation.org\/pl\/oboz-jezyka-angielskiego-w-usa-harvard-sq-mit\/#breadcrumb"},"inLanguage":"pl-PL","potentialAction":[{"@type":"ReadAction","target":["https:\/\/cogitoworldeducation.org\/pl\/oboz-jezyka-angielskiego-w-usa-harvard-sq-mit\/"]}]},{"@type":"BreadcrumbList","@id":"https:\/\/cogitoworldeducation.org\/pl\/oboz-jezyka-angielskiego-w-usa-harvard-sq-mit\/#breadcrumb","itemListElement":[{"@type":"ListItem","position":1,"name":"Home","item":"http:\/\/cogitoworldeducation.org\/pl\/"},{"@type":"ListItem","position":2,"name":"ESL Summer English Program"}]},{"@type":"WebSite","@id":"https:\/\/cogitoworldeducation.org\/pl\/#website","url":"https:\/\/cogitoworldeducation.org\/pl\/","name":"Cogito","description":"Just another WordPress site","publisher":{"@id":"https:\/\/cogitoworldeducation.org\/pl\/#organization"},"potentialAction":[{"@type":"SearchAction","target":{"@type":"EntryPoint","urlTemplate":"https:\/\/cogitoworldeducation.org\/pl\/?s={search_term_string}"},"query-input":{"@type":"PropertyValueSpecification","valueRequired":true,"valueName":"search_term_string"}}],"inLanguage":"pl-PL"},{"@type":"Organization","@id":"https:\/\/cogitoworldeducation.org\/pl\/#organization","name":"Cogito","url":"https:\/\/cogitoworldeducation.org\/pl\/","logo":{"@type":"ImageObject","inLanguage":"pl-PL","@id":"https:\/\/cogitoworldeducation.org\/pl\/#\/schema\/logo\/image\/","url":"https:\/\/cogitoworldeducation.org\/wp-content\/uploads\/2021\/04\/Favicon-Cogito.png","contentUrl":"https:\/\/cogitoworldeducation.org\/wp-content\/uploads\/2021\/04\/Favicon-Cogito.png","width":16,"height":16,"caption":"Cogito"},"image":{"@id":"https:\/\/cogitoworldeducation.org\/pl\/#\/schema\/logo\/image\/"}}]}},"_links":{"self":[{"href":"https:\/\/cogitoworldeducation.org\/pl\/wp-json\/wp\/v2\/pages\/12853","targetHints":{"allow":["GET"]}}],"collection":[{"href":"https:\/\/cogitoworldeducation.org\/pl\/wp-json\/wp\/v2\/pages"}],"about":[{"href":"https:\/\/cogitoworldeducation.org\/pl\/wp-json\/wp\/v2\/types\/page"}],"author":[{"embeddable":true,"href":"https:\/\/cogitoworldeducation.org\/pl\/wp-json\/wp\/v2\/users\/1"}],"replies":[{"embeddable":true,"href":"https:\/\/cogitoworldeducation.org\/pl\/wp-json\/wp\/v2\/comments?post=12853"}],"version-history":[{"count":6,"href":"https:\/\/cogitoworldeducation.org\/pl\/wp-json\/wp\/v2\/pages\/12853\/revisions"}],"predecessor-version":[{"id":13305,"href":"https:\/\/cogitoworldeducation.org\/pl\/wp-json\/wp\/v2\/pages\/12853\/revisions\/13305"}],"wp:attachment":[{"href":"https:\/\/cogitoworldeducation.org\/pl\/wp-json\/wp\/v2\/media?parent=12853"}],"curies":[{"name":"wp","href":"https:\/\/api.w.org\/{rel}","templated":true}]}}