{"id":11124,"date":"2021-04-27T16:06:38","date_gmt":"2021-04-27T16:06:38","guid":{"rendered":"http:\/\/cogitoworldeducation.org\/school-break-programs\/"},"modified":"2021-06-28T18:17:44","modified_gmt":"2021-06-28T18:17:44","slug":"programas-feriados-nos-eua-escolas","status":"publish","type":"page","link":"https:\/\/cogitoworldeducation.org\/pt-br\/programas-feriados-nos-eua-escolas\/","title":{"rendered":"School Breaks"},"content":{"rendered":"","protected":false},"excerpt":{"rendered":"","protected":false},"author":1,"featured_media":11125,"parent":0,"menu_order":0,"comment_status":"closed","ping_status":"closed","template":"templates\/page-school-breaks.php","meta":{"_acf_changed":false,"content-type":"","inline_featured_image":false,"footnotes":""},"class_list":["post-11124","page","type-page","status-publish","has-post-thumbnail","hentry"],"acf":[],"yoast_head":"<!-- This site is optimized with the Yoast SEO plugin v25.0 - https:\/\/yoast.com\/wordpress\/plugins\/seo\/ -->\n<title>Feriados nos EUA |Escolas | Cogito World Education<\/title>\n<meta name=\"description\" content=\"Durante os feriados nos EUA, os alunos internacionais de internatos precisam de um lugar para se hospedar. Veja nossos programas de a\u00e7\u00e3o de gra\u00e7as e natal!\" \/>\n<meta name=\"robots\" content=\"index, follow, max-snippet:-1, max-image-preview:large, max-video-preview:-1\" \/>\n<link rel=\"canonical\" href=\"https:\/\/cogitoworldeducation.org\/pt-br\/programas-feriados-nos-eua-escolas\/\" \/>\n<meta property=\"og:locale\" content=\"pt_BR\" \/>\n<meta property=\"og:type\" content=\"article\" \/>\n<meta property=\"og:title\" content=\"Feriados nos EUA |Escolas | Cogito World Education\" \/>\n<meta property=\"og:description\" content=\"Durante os feriados nos EUA, os alunos internacionais de internatos precisam de um lugar para se hospedar. Veja nossos programas de a\u00e7\u00e3o de gra\u00e7as e natal!\" \/>\n<meta property=\"og:url\" content=\"https:\/\/cogitoworldeducation.org\/pt-br\/programas-feriados-nos-eua-escolas\/\" \/>\n<meta property=\"og:site_name\" content=\"Cogito\" \/>\n<meta property=\"article:modified_time\" content=\"2021-06-28T18:17:44+00:00\" \/>\n<meta property=\"og:image\" content=\"http:\/\/cogitoworldeducation.org\/wp-content\/uploads\/2021\/03\/Our-Service-3.jpg\" \/>\n\t<meta property=\"og:image:width\" content=\"758\" \/>\n\t<meta property=\"og:image:height\" content=\"460\" \/>\n\t<meta property=\"og:image:type\" content=\"image\/jpeg\" \/>\n<meta name=\"twitter:card\" content=\"summary_large_image\" \/>\n<script type=\"application\/ld+json\" class=\"yoast-schema-graph\">{\"@context\":\"https:\/\/schema.org\",\"@graph\":[{\"@type\":\"WebPage\",\"@id\":\"https:\/\/cogitoworldeducation.org\/pt-br\/programas-feriados-nos-eua-escolas\/\",\"url\":\"https:\/\/cogitoworldeducation.org\/pt-br\/programas-feriados-nos-eua-escolas\/\",\"name\":\"Feriados nos EUA |Escolas | Cogito World Education\",\"isPartOf\":{\"@id\":\"https:\/\/cogitoworldeducation.org\/pt-br\/#website\"},\"primaryImageOfPage\":{\"@id\":\"https:\/\/cogitoworldeducation.org\/pt-br\/programas-feriados-nos-eua-escolas\/#primaryimage\"},\"image\":{\"@id\":\"https:\/\/cogitoworldeducation.org\/pt-br\/programas-feriados-nos-eua-escolas\/#primaryimage\"},\"thumbnailUrl\":\"https:\/\/cogitoworldeducation.org\/wp-content\/uploads\/2021\/03\/Our-Service-3.jpg\",\"datePublished\":\"2021-04-27T16:06:38+00:00\",\"dateModified\":\"2021-06-28T18:17:44+00:00\",\"description\":\"Durante os feriados nos EUA, os alunos internacionais de internatos precisam de um lugar para se hospedar. Veja nossos programas de a\u00e7\u00e3o de gra\u00e7as e natal!\",\"breadcrumb\":{\"@id\":\"https:\/\/cogitoworldeducation.org\/pt-br\/programas-feriados-nos-eua-escolas\/#breadcrumb\"},\"inLanguage\":\"pt-BR\",\"potentialAction\":[{\"@type\":\"ReadAction\",\"target\":[\"https:\/\/cogitoworldeducation.org\/pt-br\/programas-feriados-nos-eua-escolas\/\"]}]},{\"@type\":\"ImageObject\",\"inLanguage\":\"pt-BR\",\"@id\":\"https:\/\/cogitoworldeducation.org\/pt-br\/programas-feriados-nos-eua-escolas\/#primaryimage\",\"url\":\"https:\/\/cogitoworldeducation.org\/wp-content\/uploads\/2021\/03\/Our-Service-3.jpg\",\"contentUrl\":\"https:\/\/cogitoworldeducation.org\/wp-content\/uploads\/2021\/03\/Our-Service-3.jpg\",\"width\":758,\"height\":460},{\"@type\":\"BreadcrumbList\",\"@id\":\"https:\/\/cogitoworldeducation.org\/pt-br\/programas-feriados-nos-eua-escolas\/#breadcrumb\",\"itemListElement\":[{\"@type\":\"ListItem\",\"position\":1,\"name\":\"Home\",\"item\":\"http:\/\/cogitoworldeducation.org\/pt-br\/\"},{\"@type\":\"ListItem\",\"position\":2,\"name\":\"School Breaks\"}]},{\"@type\":\"WebSite\",\"@id\":\"https:\/\/cogitoworldeducation.org\/pt-br\/#website\",\"url\":\"https:\/\/cogitoworldeducation.org\/pt-br\/\",\"name\":\"Cogito\",\"description\":\"Just another WordPress site\",\"publisher\":{\"@id\":\"https:\/\/cogitoworldeducation.org\/pt-br\/#organization\"},\"potentialAction\":[{\"@type\":\"SearchAction\",\"target\":{\"@type\":\"EntryPoint\",\"urlTemplate\":\"https:\/\/cogitoworldeducation.org\/pt-br\/?s={search_term_string}\"},\"query-input\":{\"@type\":\"PropertyValueSpecification\",\"valueRequired\":true,\"valueName\":\"search_term_string\"}}],\"inLanguage\":\"pt-BR\"},{\"@type\":\"Organization\",\"@id\":\"https:\/\/cogitoworldeducation.org\/pt-br\/#organization\",\"name\":\"Cogito\",\"url\":\"https:\/\/cogitoworldeducation.org\/pt-br\/\",\"logo\":{\"@type\":\"ImageObject\",\"inLanguage\":\"pt-BR\",\"@id\":\"https:\/\/cogitoworldeducation.org\/pt-br\/#\/schema\/logo\/image\/\",\"url\":\"https:\/\/cogitoworldeducation.org\/wp-content\/uploads\/2021\/04\/Favicon-Cogito.png\",\"contentUrl\":\"https:\/\/cogitoworldeducation.org\/wp-content\/uploads\/2021\/04\/Favicon-Cogito.png\",\"width\":16,\"height\":16,\"caption\":\"Cogito\"},\"image\":{\"@id\":\"https:\/\/cogitoworldeducation.org\/pt-br\/#\/schema\/logo\/image\/\"}}]}<\/script>\n<!-- \/ Yoast SEO plugin. -->","yoast_head_json":{"title":"Feriados nos EUA |Escolas | Cogito World Education","description":"Durante os feriados nos EUA, os alunos internacionais de internatos precisam de um lugar para se hospedar. Veja nossos programas de a\u00e7\u00e3o de gra\u00e7as e natal!","robots":{"index":"index","follow":"follow","max-snippet":"max-snippet:-1","max-image-preview":"max-image-preview:large","max-video-preview":"max-video-preview:-1"},"canonical":"https:\/\/cogitoworldeducation.org\/pt-br\/programas-feriados-nos-eua-escolas\/","og_locale":"pt_BR","og_type":"article","og_title":"Feriados nos EUA |Escolas | Cogito World Education","og_description":"Durante os feriados nos EUA, os alunos internacionais de internatos precisam de um lugar para se hospedar. Veja nossos programas de a\u00e7\u00e3o de gra\u00e7as e natal!","og_url":"https:\/\/cogitoworldeducation.org\/pt-br\/programas-feriados-nos-eua-escolas\/","og_site_name":"Cogito","article_modified_time":"2021-06-28T18:17:44+00:00","og_image":[{"width":758,"height":460,"url":"http:\/\/cogitoworldeducation.org\/wp-content\/uploads\/2021\/03\/Our-Service-3.jpg","type":"image\/jpeg"}],"twitter_card":"summary_large_image","schema":{"@context":"https:\/\/schema.org","@graph":[{"@type":"WebPage","@id":"https:\/\/cogitoworldeducation.org\/pt-br\/programas-feriados-nos-eua-escolas\/","url":"https:\/\/cogitoworldeducation.org\/pt-br\/programas-feriados-nos-eua-escolas\/","name":"Feriados nos EUA |Escolas | Cogito World Education","isPartOf":{"@id":"https:\/\/cogitoworldeducation.org\/pt-br\/#website"},"primaryImageOfPage":{"@id":"https:\/\/cogitoworldeducation.org\/pt-br\/programas-feriados-nos-eua-escolas\/#primaryimage"},"image":{"@id":"https:\/\/cogitoworldeducation.org\/pt-br\/programas-feriados-nos-eua-escolas\/#primaryimage"},"thumbnailUrl":"https:\/\/cogitoworldeducation.org\/wp-content\/uploads\/2021\/03\/Our-Service-3.jpg","datePublished":"2021-04-27T16:06:38+00:00","dateModified":"2021-06-28T18:17:44+00:00","description":"Durante os feriados nos EUA, os alunos internacionais de internatos precisam de um lugar para se hospedar. Veja nossos programas de a\u00e7\u00e3o de gra\u00e7as e natal!","breadcrumb":{"@id":"https:\/\/cogitoworldeducation.org\/pt-br\/programas-feriados-nos-eua-escolas\/#breadcrumb"},"inLanguage":"pt-BR","potentialAction":[{"@type":"ReadAction","target":["https:\/\/cogitoworldeducation.org\/pt-br\/programas-feriados-nos-eua-escolas\/"]}]},{"@type":"ImageObject","inLanguage":"pt-BR","@id":"https:\/\/cogitoworldeducation.org\/pt-br\/programas-feriados-nos-eua-escolas\/#primaryimage","url":"https:\/\/cogitoworldeducation.org\/wp-content\/uploads\/2021\/03\/Our-Service-3.jpg","contentUrl":"https:\/\/cogitoworldeducation.org\/wp-content\/uploads\/2021\/03\/Our-Service-3.jpg","width":758,"height":460},{"@type":"BreadcrumbList","@id":"https:\/\/cogitoworldeducation.org\/pt-br\/programas-feriados-nos-eua-escolas\/#breadcrumb","itemListElement":[{"@type":"ListItem","position":1,"name":"Home","item":"http:\/\/cogitoworldeducation.org\/pt-br\/"},{"@type":"ListItem","position":2,"name":"School Breaks"}]},{"@type":"WebSite","@id":"https:\/\/cogitoworldeducation.org\/pt-br\/#website","url":"https:\/\/cogitoworldeducation.org\/pt-br\/","name":"Cogito","description":"Just another WordPress site","publisher":{"@id":"https:\/\/cogitoworldeducation.org\/pt-br\/#organization"},"potentialAction":[{"@type":"SearchAction","target":{"@type":"EntryPoint","urlTemplate":"https:\/\/cogitoworldeducation.org\/pt-br\/?s={search_term_string}"},"query-input":{"@type":"PropertyValueSpecification","valueRequired":true,"valueName":"search_term_string"}}],"inLanguage":"pt-BR"},{"@type":"Organization","@id":"https:\/\/cogitoworldeducation.org\/pt-br\/#organization","name":"Cogito","url":"https:\/\/cogitoworldeducation.org\/pt-br\/","logo":{"@type":"ImageObject","inLanguage":"pt-BR","@id":"https:\/\/cogitoworldeducation.org\/pt-br\/#\/schema\/logo\/image\/","url":"https:\/\/cogitoworldeducation.org\/wp-content\/uploads\/2021\/04\/Favicon-Cogito.png","contentUrl":"https:\/\/cogitoworldeducation.org\/wp-content\/uploads\/2021\/04\/Favicon-Cogito.png","width":16,"height":16,"caption":"Cogito"},"image":{"@id":"https:\/\/cogitoworldeducation.org\/pt-br\/#\/schema\/logo\/image\/"}}]}},"_links":{"self":[{"href":"https:\/\/cogitoworldeducation.org\/pt-br\/wp-json\/wp\/v2\/pages\/11124","targetHints":{"allow":["GET"]}}],"collection":[{"href":"https:\/\/cogitoworldeducation.org\/pt-br\/wp-json\/wp\/v2\/pages"}],"about":[{"href":"https:\/\/cogitoworldeducation.org\/pt-br\/wp-json\/wp\/v2\/types\/page"}],"author":[{"embeddable":true,"href":"https:\/\/cogitoworldeducation.org\/pt-br\/wp-json\/wp\/v2\/users\/1"}],"replies":[{"embeddable":true,"href":"https:\/\/cogitoworldeducation.org\/pt-br\/wp-json\/wp\/v2\/comments?post=11124"}],"version-history":[{"count":6,"href":"https:\/\/cogitoworldeducation.org\/pt-br\/wp-json\/wp\/v2\/pages\/11124\/revisions"}],"predecessor-version":[{"id":12366,"href":"https:\/\/cogitoworldeducation.org\/pt-br\/wp-json\/wp\/v2\/pages\/11124\/revisions\/12366"}],"wp:featuredmedia":[{"embeddable":true,"href":"https:\/\/cogitoworldeducation.org\/pt-br\/wp-json\/wp\/v2\/media\/11125"}],"wp:attachment":[{"href":"https:\/\/cogitoworldeducation.org\/pt-br\/wp-json\/wp\/v2\/media?parent=11124"}],"curies":[{"name":"wp","href":"https:\/\/api.w.org\/{rel}","templated":true}]}}