{"id":11129,"date":"2021-04-27T14:26:13","date_gmt":"2021-04-27T14:26:13","guid":{"rendered":"http:\/\/cogitoworldeducation.org\/summer-programs-for-high-school-students-usa\/"},"modified":"2021-06-28T17:42:01","modified_gmt":"2021-06-28T17:42:01","slug":"intercambio-nos-eua","status":"publish","type":"page","link":"https:\/\/cogitoworldeducation.org\/pt-br\/intercambio-nos-eua\/","title":{"rendered":"Summer Programs"},"content":{"rendered":"","protected":false},"excerpt":{"rendered":"","protected":false},"author":1,"featured_media":0,"parent":0,"menu_order":31,"comment_status":"closed","ping_status":"closed","template":"templates\/page-summer-programs.php","meta":{"_acf_changed":false,"content-type":"","inline_featured_image":false,"footnotes":""},"class_list":["post-11129","page","type-page","status-publish","hentry"],"acf":[],"yoast_head":"<!-- This site is optimized with the Yoast SEO plugin v25.0 - https:\/\/yoast.com\/wordpress\/plugins\/seo\/ -->\n<title>Interc\u00e2mbio nos EUA | Ver\u00e3o | Cogito World Education<\/title>\n<meta name=\"description\" content=\"Quer fazer interc\u00e2mbio nos EUA? A Cogito oferece o programa preparat\u00f3rio para o SAT e acampamentos de ver\u00e3o em ingl\u00eas em Harvard Sq. e MIT.\" \/>\n<meta name=\"robots\" content=\"index, follow, max-snippet:-1, max-image-preview:large, max-video-preview:-1\" \/>\n<link rel=\"canonical\" href=\"https:\/\/cogitoworldeducation.org\/pt-br\/intercambio-nos-eua\/\" \/>\n<meta property=\"og:locale\" content=\"pt_BR\" \/>\n<meta property=\"og:type\" content=\"article\" \/>\n<meta property=\"og:title\" content=\"Interc\u00e2mbio nos EUA | Ver\u00e3o | Cogito World Education\" \/>\n<meta property=\"og:description\" content=\"Quer fazer interc\u00e2mbio nos EUA? A Cogito oferece o programa preparat\u00f3rio para o SAT e acampamentos de ver\u00e3o em ingl\u00eas em Harvard Sq. e MIT.\" \/>\n<meta property=\"og:url\" content=\"https:\/\/cogitoworldeducation.org\/pt-br\/intercambio-nos-eua\/\" \/>\n<meta property=\"og:site_name\" content=\"Cogito\" \/>\n<meta property=\"article:modified_time\" content=\"2021-06-28T17:42:01+00:00\" \/>\n<meta name=\"twitter:card\" content=\"summary_large_image\" \/>\n<script type=\"application\/ld+json\" class=\"yoast-schema-graph\">{\"@context\":\"https:\/\/schema.org\",\"@graph\":[{\"@type\":\"WebPage\",\"@id\":\"https:\/\/cogitoworldeducation.org\/pt-br\/intercambio-nos-eua\/\",\"url\":\"https:\/\/cogitoworldeducation.org\/pt-br\/intercambio-nos-eua\/\",\"name\":\"Interc\u00e2mbio nos EUA | Ver\u00e3o | Cogito World Education\",\"isPartOf\":{\"@id\":\"https:\/\/cogitoworldeducation.org\/pt-br\/#website\"},\"datePublished\":\"2021-04-27T14:26:13+00:00\",\"dateModified\":\"2021-06-28T17:42:01+00:00\",\"description\":\"Quer fazer interc\u00e2mbio nos EUA? A Cogito oferece o programa preparat\u00f3rio para o SAT e acampamentos de ver\u00e3o em ingl\u00eas em Harvard Sq. e MIT.\",\"breadcrumb\":{\"@id\":\"https:\/\/cogitoworldeducation.org\/pt-br\/intercambio-nos-eua\/#breadcrumb\"},\"inLanguage\":\"pt-BR\",\"potentialAction\":[{\"@type\":\"ReadAction\",\"target\":[\"https:\/\/cogitoworldeducation.org\/pt-br\/intercambio-nos-eua\/\"]}]},{\"@type\":\"BreadcrumbList\",\"@id\":\"https:\/\/cogitoworldeducation.org\/pt-br\/intercambio-nos-eua\/#breadcrumb\",\"itemListElement\":[{\"@type\":\"ListItem\",\"position\":1,\"name\":\"Home\",\"item\":\"http:\/\/cogitoworldeducation.org\/pt-br\/\"},{\"@type\":\"ListItem\",\"position\":2,\"name\":\"Summer Programs\"}]},{\"@type\":\"WebSite\",\"@id\":\"https:\/\/cogitoworldeducation.org\/pt-br\/#website\",\"url\":\"https:\/\/cogitoworldeducation.org\/pt-br\/\",\"name\":\"Cogito\",\"description\":\"Just another WordPress site\",\"publisher\":{\"@id\":\"https:\/\/cogitoworldeducation.org\/pt-br\/#organization\"},\"potentialAction\":[{\"@type\":\"SearchAction\",\"target\":{\"@type\":\"EntryPoint\",\"urlTemplate\":\"https:\/\/cogitoworldeducation.org\/pt-br\/?s={search_term_string}\"},\"query-input\":{\"@type\":\"PropertyValueSpecification\",\"valueRequired\":true,\"valueName\":\"search_term_string\"}}],\"inLanguage\":\"pt-BR\"},{\"@type\":\"Organization\",\"@id\":\"https:\/\/cogitoworldeducation.org\/pt-br\/#organization\",\"name\":\"Cogito\",\"url\":\"https:\/\/cogitoworldeducation.org\/pt-br\/\",\"logo\":{\"@type\":\"ImageObject\",\"inLanguage\":\"pt-BR\",\"@id\":\"https:\/\/cogitoworldeducation.org\/pt-br\/#\/schema\/logo\/image\/\",\"url\":\"https:\/\/cogitoworldeducation.org\/wp-content\/uploads\/2021\/04\/Favicon-Cogito.png\",\"contentUrl\":\"https:\/\/cogitoworldeducation.org\/wp-content\/uploads\/2021\/04\/Favicon-Cogito.png\",\"width\":16,\"height\":16,\"caption\":\"Cogito\"},\"image\":{\"@id\":\"https:\/\/cogitoworldeducation.org\/pt-br\/#\/schema\/logo\/image\/\"}}]}<\/script>\n<!-- \/ Yoast SEO plugin. -->","yoast_head_json":{"title":"Interc\u00e2mbio nos EUA | Ver\u00e3o | Cogito World Education","description":"Quer fazer interc\u00e2mbio nos EUA? A Cogito oferece o programa preparat\u00f3rio para o SAT e acampamentos de ver\u00e3o em ingl\u00eas em Harvard Sq. e MIT.","robots":{"index":"index","follow":"follow","max-snippet":"max-snippet:-1","max-image-preview":"max-image-preview:large","max-video-preview":"max-video-preview:-1"},"canonical":"https:\/\/cogitoworldeducation.org\/pt-br\/intercambio-nos-eua\/","og_locale":"pt_BR","og_type":"article","og_title":"Interc\u00e2mbio nos EUA | Ver\u00e3o | Cogito World Education","og_description":"Quer fazer interc\u00e2mbio nos EUA? A Cogito oferece o programa preparat\u00f3rio para o SAT e acampamentos de ver\u00e3o em ingl\u00eas em Harvard Sq. e MIT.","og_url":"https:\/\/cogitoworldeducation.org\/pt-br\/intercambio-nos-eua\/","og_site_name":"Cogito","article_modified_time":"2021-06-28T17:42:01+00:00","twitter_card":"summary_large_image","schema":{"@context":"https:\/\/schema.org","@graph":[{"@type":"WebPage","@id":"https:\/\/cogitoworldeducation.org\/pt-br\/intercambio-nos-eua\/","url":"https:\/\/cogitoworldeducation.org\/pt-br\/intercambio-nos-eua\/","name":"Interc\u00e2mbio nos EUA | Ver\u00e3o | Cogito World Education","isPartOf":{"@id":"https:\/\/cogitoworldeducation.org\/pt-br\/#website"},"datePublished":"2021-04-27T14:26:13+00:00","dateModified":"2021-06-28T17:42:01+00:00","description":"Quer fazer interc\u00e2mbio nos EUA? A Cogito oferece o programa preparat\u00f3rio para o SAT e acampamentos de ver\u00e3o em ingl\u00eas em Harvard Sq. e MIT.","breadcrumb":{"@id":"https:\/\/cogitoworldeducation.org\/pt-br\/intercambio-nos-eua\/#breadcrumb"},"inLanguage":"pt-BR","potentialAction":[{"@type":"ReadAction","target":["https:\/\/cogitoworldeducation.org\/pt-br\/intercambio-nos-eua\/"]}]},{"@type":"BreadcrumbList","@id":"https:\/\/cogitoworldeducation.org\/pt-br\/intercambio-nos-eua\/#breadcrumb","itemListElement":[{"@type":"ListItem","position":1,"name":"Home","item":"http:\/\/cogitoworldeducation.org\/pt-br\/"},{"@type":"ListItem","position":2,"name":"Summer Programs"}]},{"@type":"WebSite","@id":"https:\/\/cogitoworldeducation.org\/pt-br\/#website","url":"https:\/\/cogitoworldeducation.org\/pt-br\/","name":"Cogito","description":"Just another WordPress site","publisher":{"@id":"https:\/\/cogitoworldeducation.org\/pt-br\/#organization"},"potentialAction":[{"@type":"SearchAction","target":{"@type":"EntryPoint","urlTemplate":"https:\/\/cogitoworldeducation.org\/pt-br\/?s={search_term_string}"},"query-input":{"@type":"PropertyValueSpecification","valueRequired":true,"valueName":"search_term_string"}}],"inLanguage":"pt-BR"},{"@type":"Organization","@id":"https:\/\/cogitoworldeducation.org\/pt-br\/#organization","name":"Cogito","url":"https:\/\/cogitoworldeducation.org\/pt-br\/","logo":{"@type":"ImageObject","inLanguage":"pt-BR","@id":"https:\/\/cogitoworldeducation.org\/pt-br\/#\/schema\/logo\/image\/","url":"https:\/\/cogitoworldeducation.org\/wp-content\/uploads\/2021\/04\/Favicon-Cogito.png","contentUrl":"https:\/\/cogitoworldeducation.org\/wp-content\/uploads\/2021\/04\/Favicon-Cogito.png","width":16,"height":16,"caption":"Cogito"},"image":{"@id":"https:\/\/cogitoworldeducation.org\/pt-br\/#\/schema\/logo\/image\/"}}]}},"_links":{"self":[{"href":"https:\/\/cogitoworldeducation.org\/pt-br\/wp-json\/wp\/v2\/pages\/11129","targetHints":{"allow":["GET"]}}],"collection":[{"href":"https:\/\/cogitoworldeducation.org\/pt-br\/wp-json\/wp\/v2\/pages"}],"about":[{"href":"https:\/\/cogitoworldeducation.org\/pt-br\/wp-json\/wp\/v2\/types\/page"}],"author":[{"embeddable":true,"href":"https:\/\/cogitoworldeducation.org\/pt-br\/wp-json\/wp\/v2\/users\/1"}],"replies":[{"embeddable":true,"href":"https:\/\/cogitoworldeducation.org\/pt-br\/wp-json\/wp\/v2\/comments?post=11129"}],"version-history":[{"count":8,"href":"https:\/\/cogitoworldeducation.org\/pt-br\/wp-json\/wp\/v2\/pages\/11129\/revisions"}],"predecessor-version":[{"id":12356,"href":"https:\/\/cogitoworldeducation.org\/pt-br\/wp-json\/wp\/v2\/pages\/11129\/revisions\/12356"}],"wp:attachment":[{"href":"https:\/\/cogitoworldeducation.org\/pt-br\/wp-json\/wp\/v2\/media?parent=11129"}],"curies":[{"name":"wp","href":"https:\/\/api.w.org\/{rel}","templated":true}]}}